{"id":10221,"date":"2022-05-31T17:17:54","date_gmt":"2022-05-31T14:17:54","guid":{"rendered":"https:\/\/alkaline.lv\/products\/plotera-papirs-data-copy-ar-izmeru-420mmx175m-80g-m2\/"},"modified":"2022-05-31T21:33:23","modified_gmt":"2022-05-31T18:33:23","slug":"plotera-papirs-data-copy-ar-izmeru-420mmx175m-80g-m2","status":"publish","type":"product","link":"https:\/\/alkaline.lv\/en\/products\/plotera-papirs-data-copy-ar-izmeru-420mmx175m-80g-m2\/","title":{"rendered":"Plotera pap\u012brs DATA COPY ar izm\u0113ru 420mmx175m 80g\/m2"},"content":{"rendered":"<p>\u2022 Balts nekr\u012btots pap\u012brs <br \/>\u2022 Svars 80 g\/m2 <br \/>\u2022 Ru\u013c\u013ca iek\u0161\u0113jais diametrs 76 mm <br \/>\u2022 Paredz\u0113ts platform\u0101t a faksa apar\u0101tiem <br \/>\u2022 Ru\u013c\u013ca garums 175 m, iek\u0161\u0113jais diametrs 76 mm, \u0101r\u0113jais diametrs \u2013 173 mm <br \/>\u2022 Paredz\u0113ts l\u0101zera printeriem un kop\u0113t\u0101jiem<\/p>\n","protected":false},"excerpt":{"rendered":"<p>\u2022 Balts nekr\u012btots pap\u012brs \u2022 Svars 80 g\/m2 \u2022 Ru\u013c\u013ca iek\u0161\u0113jais diametrs 76 mm \u2022 Paredz\u0113ts platform\u0101t a faksa apar\u0101tiem \u2022 Ru\u013c\u013ca garums 175 m, iek\u0161\u0113jais diametrs 76 mm, \u0101r\u0113jais diametrs \u2013 173 mm \u2022 Paredz\u0113ts l\u0101zera printeriem un kop\u0113t\u0101jiem<\/p>\n","protected":false},"featured_media":10222,"template":"","meta":{"inline_featured_image":false},"product_cat":[71,383],"product_tag":[],"class_list":{"0":"post-10221","1":"product","2":"type-product","3":"status-publish","4":"has-post-thumbnail","6":"product_cat-biroja-preces","7":"product_cat-rullu-papirs","9":"first","10":"instock","11":"purchasable","12":"product-type-simple","13":"add-to-wishlist-after_add_to_cart"},"_links":{"self":[{"href":"https:\/\/alkaline.lv\/en\/wp-json\/wp\/v2\/product\/10221","targetHints":{"allow":["GET"]}}],"collection":[{"href":"https:\/\/alkaline.lv\/en\/wp-json\/wp\/v2\/product"}],"about":[{"href":"https:\/\/alkaline.lv\/en\/wp-json\/wp\/v2\/types\/product"}],"wp:featuredmedia":[{"embeddable":true,"href":"https:\/\/alkaline.lv\/en\/wp-json\/wp\/v2\/media\/10222"}],"wp:attachment":[{"href":"https:\/\/alkaline.lv\/en\/wp-json\/wp\/v2\/media?parent=10221"}],"wp:term":[{"taxonomy":"product_cat","embeddable":true,"href":"https:\/\/alkaline.lv\/en\/wp-json\/wp\/v2\/product_cat?post=10221"},{"taxonomy":"product_tag","embeddable":true,"href":"https:\/\/alkaline.lv\/en\/wp-json\/wp\/v2\/product_tag?post=10221"}],"curies":[{"name":"wp","href":"https:\/\/api.w.org\/{rel}","templated":true}]}}