{"id":10233,"date":"2022-05-31T17:18:16","date_gmt":"2022-05-31T14:18:16","guid":{"rendered":"https:\/\/alkaline.lv\/products\/fotopapirs-apli-inkjet-bright-ar-izmeru-10x15cm-240g-m2-150-loksnes\/"},"modified":"2022-05-31T17:18:18","modified_gmt":"2022-05-31T14:18:18","slug":"fotopapirs-apli-inkjet-bright-ar-izmeru-10x15cm-240g-m2-150-loksnes","status":"publish","type":"product","link":"https:\/\/alkaline.lv\/en\/products\/fotopapirs-apli-inkjet-bright-ar-izmeru-10x15cm-240g-m2-150-loksnes\/","title":{"rendered":"Fotopap\u012brs APLI InkJet Bright ar izm\u0113ru 10x15cm 240g\/m2, 150 loksnes"},"content":{"rendered":"<p>\u2022 Augstas kvalit\u0101tes, balts, glanc\u0113ts fotopap\u012brs <br \/>\u2022 Piem\u0113rots lieto\u0161anai visa veida tintes printeros <br \/>\u2022 PEFC sertific\u0113ts pap\u012brs<\/p>\n","protected":false},"excerpt":{"rendered":"<p>\u2022 Augstas kvalit\u0101tes, balts, glanc\u0113ts fotopap\u012brs \u2022 Piem\u0113rots lieto\u0161anai visa veida tintes printeros \u2022 PEFC sertific\u0113ts pap\u012brs<\/p>\n","protected":false},"featured_media":10234,"template":"","meta":{"inline_featured_image":false},"product_cat":[71,387],"product_tag":[],"class_list":{"0":"post-10233","1":"product","2":"type-product","3":"status-publish","4":"has-post-thumbnail","6":"product_cat-biroja-preces","7":"product_cat-fotopapirs","9":"first","10":"outofstock","11":"purchasable","12":"product-type-simple","13":"add-to-wishlist-after_add_to_cart"},"_links":{"self":[{"href":"https:\/\/alkaline.lv\/en\/wp-json\/wp\/v2\/product\/10233","targetHints":{"allow":["GET"]}}],"collection":[{"href":"https:\/\/alkaline.lv\/en\/wp-json\/wp\/v2\/product"}],"about":[{"href":"https:\/\/alkaline.lv\/en\/wp-json\/wp\/v2\/types\/product"}],"wp:featuredmedia":[{"embeddable":true,"href":"https:\/\/alkaline.lv\/en\/wp-json\/wp\/v2\/media\/10234"}],"wp:attachment":[{"href":"https:\/\/alkaline.lv\/en\/wp-json\/wp\/v2\/media?parent=10233"}],"wp:term":[{"taxonomy":"product_cat","embeddable":true,"href":"https:\/\/alkaline.lv\/en\/wp-json\/wp\/v2\/product_cat?post=10233"},{"taxonomy":"product_tag","embeddable":true,"href":"https:\/\/alkaline.lv\/en\/wp-json\/wp\/v2\/product_tag?post=10233"}],"curies":[{"name":"wp","href":"https:\/\/api.w.org\/{rel}","templated":true}]}}