{"id":10241,"date":"2022-05-31T17:18:16","date_gmt":"2022-05-31T14:18:16","guid":{"rendered":"https:\/\/alkaline.lv\/products\/papirs-apli-colour-laser-glossy-a4-210g-m2-divpusigs-100-loksnes-iepakojuma\/"},"modified":"2022-05-31T17:18:20","modified_gmt":"2022-05-31T14:18:20","slug":"papirs-apli-colour-laser-glossy-a4-210g-m2-divpusigs-100-loksnes-iepakojuma","status":"publish","type":"product","link":"https:\/\/alkaline.lv\/en\/products\/papirs-apli-colour-laser-glossy-a4-210g-m2-divpusigs-100-loksnes-iepakojuma\/","title":{"rendered":"Pap\u012brs APLI Colour Laser Glossy A4 210g\/m2, divpus\u012bgs, 100 loksnes\/iepakojum\u0101"},"content":{"rendered":"<p>\u2022 Augstas kvalit\u0101tes, balts, glanc\u0113ts fotopap\u012brs <br \/>\u2022 A4 form\u0101ts <br \/>\u2022 Piem\u0113rots lieto\u0161anai kr\u0101sainajos l\u0101zerprinteros <br \/>\u2022 100 lapas pak\u0101 divpus\u012bgs <br \/>\u2022 FSC sertific\u0113ts pap\u012brs<\/p>\n","protected":false},"excerpt":{"rendered":"<p>\u2022 Augstas kvalit\u0101tes, balts, glanc\u0113ts fotopap\u012brs \u2022 A4 form\u0101ts \u2022 Piem\u0113rots lieto\u0161anai kr\u0101sainajos l\u0101zerprinteros \u2022 100 lapas pak\u0101 divpus\u012bgs \u2022 FSC sertific\u0113ts pap\u012brs<\/p>\n","protected":false},"featured_media":10242,"template":"","meta":{"inline_featured_image":false},"product_cat":[71,387],"product_tag":[],"class_list":{"0":"post-10241","1":"product","2":"type-product","3":"status-publish","4":"has-post-thumbnail","6":"product_cat-biroja-preces","7":"product_cat-fotopapirs","9":"first","10":"outofstock","11":"purchasable","12":"product-type-simple","13":"add-to-wishlist-after_add_to_cart"},"_links":{"self":[{"href":"https:\/\/alkaline.lv\/en\/wp-json\/wp\/v2\/product\/10241"}],"collection":[{"href":"https:\/\/alkaline.lv\/en\/wp-json\/wp\/v2\/product"}],"about":[{"href":"https:\/\/alkaline.lv\/en\/wp-json\/wp\/v2\/types\/product"}],"wp:featuredmedia":[{"embeddable":true,"href":"https:\/\/alkaline.lv\/en\/wp-json\/wp\/v2\/media\/10242"}],"wp:attachment":[{"href":"https:\/\/alkaline.lv\/en\/wp-json\/wp\/v2\/media?parent=10241"}],"wp:term":[{"taxonomy":"product_cat","embeddable":true,"href":"https:\/\/alkaline.lv\/en\/wp-json\/wp\/v2\/product_cat?post=10241"},{"taxonomy":"product_tag","embeddable":true,"href":"https:\/\/alkaline.lv\/en\/wp-json\/wp\/v2\/product_tag?post=10241"}],"curies":[{"name":"wp","href":"https:\/\/api.w.org\/{rel}","templated":true}]}}