{"id":10308,"date":"2022-05-31T17:18:33","date_gmt":"2022-05-31T14:18:33","guid":{"rendered":"https:\/\/alkaline.lv\/products\/papira-bloks-esselte-60-x-85-cm-50-lapas-peleka\/"},"modified":"2022-07-12T13:02:22","modified_gmt":"2022-07-12T10:02:22","slug":"papira-bloks-esselte-60-x-85-cm-50-lapas-peleka","status":"publish","type":"product","link":"https:\/\/alkaline.lv\/en\/products\/papira-bloks-esselte-60-x-85-cm-50-lapas-peleka\/","title":{"rendered":"Pap\u012bra bloks ESSELTE, 60 x 85 cm, 50 lapas, pel\u0113ka"},"content":{"rendered":"<p>\u2022 Piem\u0113rots vair\u0101kiem \u201cFlipchart\u201d t\u0101feles veidiem <br \/>\u2022 Pap\u012brs 60 g\/m2 <br \/>\u2022 50 lapas blok\u0101 <br \/>\u2022 Izm\u0113rs: 60 x 85 cm <br \/>\u2022 pel\u0113ka  no ab\u0101m pus\u0113m<\/p>\n","protected":false},"excerpt":{"rendered":"<p>\u2022 Piem\u0113rots vair\u0101kiem \u201cFlipchart\u201d t\u0101feles veidiem \u2022 Pap\u012brs 60 g\/m2 \u2022 50 lapas blok\u0101 \u2022 Izm\u0113rs: 60 x 85 cm \u2022 pel\u0113ka no ab\u0101m pus\u0113m<\/p>\n","protected":false},"featured_media":10309,"template":"","meta":{"inline_featured_image":false},"product_cat":[402],"product_tag":[],"class_list":{"0":"post-10308","1":"product","2":"type-product","3":"status-publish","4":"has-post-thumbnail","6":"product_cat-papirs-tafelem-ar-stativu","8":"first","9":"instock","10":"purchasable","11":"product-type-simple","12":"add-to-wishlist-after_add_to_cart"},"_links":{"self":[{"href":"https:\/\/alkaline.lv\/en\/wp-json\/wp\/v2\/product\/10308","targetHints":{"allow":["GET"]}}],"collection":[{"href":"https:\/\/alkaline.lv\/en\/wp-json\/wp\/v2\/product"}],"about":[{"href":"https:\/\/alkaline.lv\/en\/wp-json\/wp\/v2\/types\/product"}],"wp:featuredmedia":[{"embeddable":true,"href":"https:\/\/alkaline.lv\/en\/wp-json\/wp\/v2\/media\/10309"}],"wp:attachment":[{"href":"https:\/\/alkaline.lv\/en\/wp-json\/wp\/v2\/media?parent=10308"}],"wp:term":[{"taxonomy":"product_cat","embeddable":true,"href":"https:\/\/alkaline.lv\/en\/wp-json\/wp\/v2\/product_cat?post=10308"},{"taxonomy":"product_tag","embeddable":true,"href":"https:\/\/alkaline.lv\/en\/wp-json\/wp\/v2\/product_tag?post=10308"}],"curies":[{"name":"wp","href":"https:\/\/api.w.org\/{rel}","templated":true}]}}