{"id":10332,"date":"2022-05-31T17:18:49","date_gmt":"2022-05-31T14:18:49","guid":{"rendered":"https:\/\/alkaline.lv\/products\/uzlimes-apli-ilc-ar-izmeru-105x37mm-100-loksnes-16-uzlimes-loksne-10817\/"},"modified":"2022-05-31T17:18:54","modified_gmt":"2022-05-31T14:18:54","slug":"uzlimes-apli-ilc-ar-izmeru-105x37mm-100-loksnes-16-uzlimes-loksne-10817","status":"publish","type":"product","link":"https:\/\/alkaline.lv\/en\/products\/uzlimes-apli-ilc-ar-izmeru-105x37mm-100-loksnes-16-uzlimes-loksne-10817\/","title":{"rendered":"Uzl\u012bmes APLI ILC ar izm\u0113ru 105x37mm, 100 loksnes\/16 uzl\u012bmes loksn\u0113 (10817)"},"content":{"rendered":"<p>\u2022 Pa\u0161l\u012bm\u0113jo\u0161\u0101s uzl\u012bmes <br \/>\u2022 Piem\u0113rotas kop\u0113t\u0101jiem, melnbaltajiem un kr\u0101sainajiem tintes un l\u0101zerprinteriem <br \/>\u2022 Piem\u0113rotas popul\u0101r\u0101kaj\u0101m datorprogramm\u0101m <br \/>\u2022 EXPRESS MAILING <br \/>\u2022 100 loksnes pak\u0101<\/p>\n","protected":false},"excerpt":{"rendered":"<p>\u2022 Pa\u0161l\u012bm\u0113jo\u0161\u0101s uzl\u012bmes \u2022 Piem\u0113rotas kop\u0113t\u0101jiem, melnbaltajiem un kr\u0101sainajiem tintes un l\u0101zerprinteriem \u2022 Piem\u0113rotas popul\u0101r\u0101kaj\u0101m datorprogramm\u0101m \u2022 EXPRESS MAILING \u2022 100 loksnes pak\u0101<\/p>\n","protected":false},"featured_media":10333,"template":"","meta":{"inline_featured_image":false},"product_cat":[71,408],"product_tag":[],"class_list":{"0":"post-10332","1":"product","2":"type-product","3":"status-publish","4":"has-post-thumbnail","6":"product_cat-biroja-preces","7":"product_cat-paslimejosas-etiketes-un-uzlimes","9":"first","10":"outofstock","11":"purchasable","12":"product-type-simple","13":"add-to-wishlist-after_add_to_cart"},"_links":{"self":[{"href":"https:\/\/alkaline.lv\/en\/wp-json\/wp\/v2\/product\/10332"}],"collection":[{"href":"https:\/\/alkaline.lv\/en\/wp-json\/wp\/v2\/product"}],"about":[{"href":"https:\/\/alkaline.lv\/en\/wp-json\/wp\/v2\/types\/product"}],"wp:featuredmedia":[{"embeddable":true,"href":"https:\/\/alkaline.lv\/en\/wp-json\/wp\/v2\/media\/10333"}],"wp:attachment":[{"href":"https:\/\/alkaline.lv\/en\/wp-json\/wp\/v2\/media?parent=10332"}],"wp:term":[{"taxonomy":"product_cat","embeddable":true,"href":"https:\/\/alkaline.lv\/en\/wp-json\/wp\/v2\/product_cat?post=10332"},{"taxonomy":"product_tag","embeddable":true,"href":"https:\/\/alkaline.lv\/en\/wp-json\/wp\/v2\/product_tag?post=10332"}],"curies":[{"name":"wp","href":"https:\/\/api.w.org\/{rel}","templated":true}]}}