{"id":10401,"date":"2022-05-31T17:19:08","date_gmt":"2022-05-31T14:19:08","guid":{"rendered":"https:\/\/alkaline.lv\/products\/uzlimes-apli-ilc-ar-izmeru-190x38mm-25-loksnes-7-uzlimes-loksne\/"},"modified":"2022-05-31T17:19:16","modified_gmt":"2022-05-31T14:19:16","slug":"uzlimes-apli-ilc-ar-izmeru-190x38mm-25-loksnes-7-uzlimes-loksne","status":"publish","type":"product","link":"https:\/\/alkaline.lv\/en\/products\/uzlimes-apli-ilc-ar-izmeru-190x38mm-25-loksnes-7-uzlimes-loksne\/","title":{"rendered":"Uzl\u012bmes APLI ILC ar izm\u0113ru 190x38mm, 25 loksnes\/7 uzl\u012bmes loksn\u0113"},"content":{"rendered":"<p>\u2022 Pa\u0161l\u012bm\u0113jo\u0161\u0101s eti\u0137etes printeriem un kop\u0113\u0161anas tehnikai, arh\u012bva mapes identifik\u0101cijai <br \/>\u2022 Pieska\u0146otas vispopul\u0101r\u0101kaj\u0101m datoru progamm\u0101m <br \/>\u2022 A4 form\u0101ts ar noapa\u013cotiem st\u016briem <br \/>\u2022 Iepakojum\u0101 &#8211; 25 loksnes<\/p>\n","protected":false},"excerpt":{"rendered":"<p>\u2022 Pa\u0161l\u012bm\u0113jo\u0161\u0101s eti\u0137etes printeriem un kop\u0113\u0161anas tehnikai, arh\u012bva mapes identifik\u0101cijai \u2022 Pieska\u0146otas vispopul\u0101r\u0101kaj\u0101m datoru progamm\u0101m \u2022 A4 form\u0101ts ar noapa\u013cotiem st\u016briem \u2022 Iepakojum\u0101 &#8211; 25 loksnes<\/p>\n","protected":false},"featured_media":10402,"template":"","meta":{"inline_featured_image":false},"product_cat":[71,408],"product_tag":[],"class_list":{"0":"post-10401","1":"product","2":"type-product","3":"status-publish","4":"has-post-thumbnail","6":"product_cat-biroja-preces","7":"product_cat-paslimejosas-etiketes-un-uzlimes","9":"first","10":"outofstock","11":"purchasable","12":"product-type-simple","13":"add-to-wishlist-after_add_to_cart"},"_links":{"self":[{"href":"https:\/\/alkaline.lv\/en\/wp-json\/wp\/v2\/product\/10401"}],"collection":[{"href":"https:\/\/alkaline.lv\/en\/wp-json\/wp\/v2\/product"}],"about":[{"href":"https:\/\/alkaline.lv\/en\/wp-json\/wp\/v2\/types\/product"}],"wp:featuredmedia":[{"embeddable":true,"href":"https:\/\/alkaline.lv\/en\/wp-json\/wp\/v2\/media\/10402"}],"wp:attachment":[{"href":"https:\/\/alkaline.lv\/en\/wp-json\/wp\/v2\/media?parent=10401"}],"wp:term":[{"taxonomy":"product_cat","embeddable":true,"href":"https:\/\/alkaline.lv\/en\/wp-json\/wp\/v2\/product_cat?post=10401"},{"taxonomy":"product_tag","embeddable":true,"href":"https:\/\/alkaline.lv\/en\/wp-json\/wp\/v2\/product_tag?post=10401"}],"curies":[{"name":"wp","href":"https:\/\/api.w.org\/{rel}","templated":true}]}}