{"id":10425,"date":"2022-05-31T17:19:08","date_gmt":"2022-05-31T14:19:08","guid":{"rendered":"https:\/\/alkaline.lv\/products\/uzlimes-apli-ilc-ar-izmeru-63-5x38-1mm-25-loksnes-21-uzlimes-loksne-ar-noapalotiem-sturiem\/"},"modified":"2022-05-31T17:19:23","modified_gmt":"2022-05-31T14:19:23","slug":"uzlimes-apli-ilc-ar-izmeru-63-5x38-1mm-25-loksnes-21-uzlimes-loksne-ar-noapalotiem-sturiem","status":"publish","type":"product","link":"https:\/\/alkaline.lv\/en\/products\/uzlimes-apli-ilc-ar-izmeru-63-5x38-1mm-25-loksnes-21-uzlimes-loksne-ar-noapalotiem-sturiem\/","title":{"rendered":"Uzl\u012bmes APLI ILC ar izm\u0113ru 63.5&#215;38.1mm, 25 loksnes\/21 uzl\u012bmes loksn\u0113, ar noapa\u013cotiem st\u016briem"},"content":{"rendered":"<p>\u2022 Piem\u0113rotas kop\u0113t\u0101jiem, melnbaltajiem un kr\u0101sainajiem tintes un l\u0101zerprinteriem <br \/>\u2022 Balt\u0101 kr\u0101s\u0101 <br \/>\u2022 Piem\u0113rotas popul\u0101r\u0101kaj\u0101m datorprogramm\u0101m <br \/>\u2022 25 loksnes pak\u0101 ar noapa\u013cotiem st\u016briem<\/p>\n","protected":false},"excerpt":{"rendered":"<p>\u2022 Piem\u0113rotas kop\u0113t\u0101jiem, melnbaltajiem un kr\u0101sainajiem tintes un l\u0101zerprinteriem \u2022 Balt\u0101 kr\u0101s\u0101 \u2022 Piem\u0113rotas popul\u0101r\u0101kaj\u0101m datorprogramm\u0101m \u2022 25 loksnes pak\u0101 ar noapa\u013cotiem st\u016briem<\/p>\n","protected":false},"featured_media":10426,"template":"","meta":{"inline_featured_image":false},"product_cat":[71,408],"product_tag":[],"class_list":{"0":"post-10425","1":"product","2":"type-product","3":"status-publish","4":"has-post-thumbnail","6":"product_cat-biroja-preces","7":"product_cat-paslimejosas-etiketes-un-uzlimes","9":"first","10":"outofstock","11":"purchasable","12":"product-type-simple","13":"add-to-wishlist-after_add_to_cart"},"_links":{"self":[{"href":"https:\/\/alkaline.lv\/en\/wp-json\/wp\/v2\/product\/10425"}],"collection":[{"href":"https:\/\/alkaline.lv\/en\/wp-json\/wp\/v2\/product"}],"about":[{"href":"https:\/\/alkaline.lv\/en\/wp-json\/wp\/v2\/types\/product"}],"wp:featuredmedia":[{"embeddable":true,"href":"https:\/\/alkaline.lv\/en\/wp-json\/wp\/v2\/media\/10426"}],"wp:attachment":[{"href":"https:\/\/alkaline.lv\/en\/wp-json\/wp\/v2\/media?parent=10425"}],"wp:term":[{"taxonomy":"product_cat","embeddable":true,"href":"https:\/\/alkaline.lv\/en\/wp-json\/wp\/v2\/product_cat?post=10425"},{"taxonomy":"product_tag","embeddable":true,"href":"https:\/\/alkaline.lv\/en\/wp-json\/wp\/v2\/product_tag?post=10425"}],"curies":[{"name":"wp","href":"https:\/\/api.w.org\/{rel}","templated":true}]}}