{"id":10491,"date":"2022-05-31T17:19:29","date_gmt":"2022-05-31T14:19:29","guid":{"rendered":"https:\/\/alkaline.lv\/products\/uzlimes-apli-ilc-ar-izmeru-210x297mm-100-loksnes-1-uzlime-loksne\/"},"modified":"2022-05-31T17:19:46","modified_gmt":"2022-05-31T14:19:46","slug":"uzlimes-apli-ilc-ar-izmeru-210x297mm-100-loksnes-1-uzlime-loksne","status":"publish","type":"product","link":"https:\/\/alkaline.lv\/en\/products\/uzlimes-apli-ilc-ar-izmeru-210x297mm-100-loksnes-1-uzlime-loksne\/","title":{"rendered":"Uzl\u012bmes APLI ILC ar izm\u0113ru 210x297mm, 100 loksnes\/1 uzl\u012bme loksn\u0113"},"content":{"rendered":"<p>\u2022 Uzl\u012bmes no p\u0101rstr\u0101d\u0101ta pap\u012bra <br \/>\u2022 Piem\u0113rotas kop\u0113t\u0101jiem, melnbaltajiem un kr\u0101sainajiem tintes un l\u0101zerprinteriem <br \/>\u2022 Balt\u0101 kr\u0101s\u0101 <br \/>\u2022 Piem\u0113rotas popul\u0101r\u0101kaj\u0101m datorprogramm\u0101m <br \/>\u2022 100 loksnes pak\u0101<\/p>\n","protected":false},"excerpt":{"rendered":"<p>\u2022 Uzl\u012bmes no p\u0101rstr\u0101d\u0101ta pap\u012bra \u2022 Piem\u0113rotas kop\u0113t\u0101jiem, melnbaltajiem un kr\u0101sainajiem tintes un l\u0101zerprinteriem \u2022 Balt\u0101 kr\u0101s\u0101 \u2022 Piem\u0113rotas popul\u0101r\u0101kaj\u0101m datorprogramm\u0101m \u2022 100 loksnes pak\u0101<\/p>\n","protected":false},"featured_media":10492,"template":"","meta":{"inline_featured_image":false},"product_cat":[71,408],"product_tag":[],"class_list":{"0":"post-10491","1":"product","2":"type-product","3":"status-publish","4":"has-post-thumbnail","6":"product_cat-biroja-preces","7":"product_cat-paslimejosas-etiketes-un-uzlimes","9":"first","10":"outofstock","11":"purchasable","12":"product-type-simple","13":"add-to-wishlist-after_add_to_cart"},"_links":{"self":[{"href":"https:\/\/alkaline.lv\/en\/wp-json\/wp\/v2\/product\/10491"}],"collection":[{"href":"https:\/\/alkaline.lv\/en\/wp-json\/wp\/v2\/product"}],"about":[{"href":"https:\/\/alkaline.lv\/en\/wp-json\/wp\/v2\/types\/product"}],"wp:featuredmedia":[{"embeddable":true,"href":"https:\/\/alkaline.lv\/en\/wp-json\/wp\/v2\/media\/10492"}],"wp:attachment":[{"href":"https:\/\/alkaline.lv\/en\/wp-json\/wp\/v2\/media?parent=10491"}],"wp:term":[{"taxonomy":"product_cat","embeddable":true,"href":"https:\/\/alkaline.lv\/en\/wp-json\/wp\/v2\/product_cat?post=10491"},{"taxonomy":"product_tag","embeddable":true,"href":"https:\/\/alkaline.lv\/en\/wp-json\/wp\/v2\/product_tag?post=10491"}],"curies":[{"name":"wp","href":"https:\/\/api.w.org\/{rel}","templated":true}]}}