{"id":10505,"date":"2022-05-31T17:19:50","date_gmt":"2022-05-31T14:19:50","guid":{"rendered":"https:\/\/alkaline.lv\/products\/apalas-uzlimes-apli-ar-diametru-13mm-10-loksnes-770-uzlimes-baltas\/"},"modified":"2022-05-31T17:19:53","modified_gmt":"2022-05-31T14:19:53","slug":"apalas-uzlimes-apli-ar-diametru-13mm-10-loksnes-770-uzlimes-baltas","status":"publish","type":"product","link":"https:\/\/alkaline.lv\/en\/products\/apalas-uzlimes-apli-ar-diametru-13mm-10-loksnes-770-uzlimes-baltas\/","title":{"rendered":"Apa\u013cas uzl\u012bmes APLI ar diametru 13mm, 10 loksnes\/770 uzl\u012bmes baltas"},"content":{"rendered":"<p>\u2022 Apa\u013cas pa\u0161l\u012bm\u0113jo\u0161\u0101s uzl\u012bmes <br \/>\u2022 Izmantojamas mar\u0137\u0113\u0161anai <br \/>\u2022 Iepakojum\u0101 10 loksnes (balt\u0101s uzl\u012bmes) <br \/>\u2022 \u00f8 13 mm, baltas<\/p>\n","protected":false},"excerpt":{"rendered":"<p>\u2022 Apa\u013cas pa\u0161l\u012bm\u0113jo\u0161\u0101s uzl\u012bmes \u2022 Izmantojamas mar\u0137\u0113\u0161anai \u2022 Iepakojum\u0101 10 loksnes (balt\u0101s uzl\u012bmes) \u2022 \u00f8 13 mm, baltas<\/p>\n","protected":false},"featured_media":10506,"template":"","meta":{"inline_featured_image":false},"product_cat":[71,408],"product_tag":[],"class_list":{"0":"post-10505","1":"product","2":"type-product","3":"status-publish","4":"has-post-thumbnail","6":"product_cat-biroja-preces","7":"product_cat-paslimejosas-etiketes-un-uzlimes","9":"first","10":"outofstock","11":"purchasable","12":"product-type-simple","13":"add-to-wishlist-after_add_to_cart"},"_links":{"self":[{"href":"https:\/\/alkaline.lv\/en\/wp-json\/wp\/v2\/product\/10505"}],"collection":[{"href":"https:\/\/alkaline.lv\/en\/wp-json\/wp\/v2\/product"}],"about":[{"href":"https:\/\/alkaline.lv\/en\/wp-json\/wp\/v2\/types\/product"}],"wp:featuredmedia":[{"embeddable":true,"href":"https:\/\/alkaline.lv\/en\/wp-json\/wp\/v2\/media\/10506"}],"wp:attachment":[{"href":"https:\/\/alkaline.lv\/en\/wp-json\/wp\/v2\/media?parent=10505"}],"wp:term":[{"taxonomy":"product_cat","embeddable":true,"href":"https:\/\/alkaline.lv\/en\/wp-json\/wp\/v2\/product_cat?post=10505"},{"taxonomy":"product_tag","embeddable":true,"href":"https:\/\/alkaline.lv\/en\/wp-json\/wp\/v2\/product_tag?post=10505"}],"curies":[{"name":"wp","href":"https:\/\/api.w.org\/{rel}","templated":true}]}}