{"id":10514,"date":"2022-05-31T17:19:50","date_gmt":"2022-05-31T14:19:50","guid":{"rendered":"https:\/\/alkaline.lv\/products\/uzlimes-apli-ilc-ar-izmeru-70x37mm-20-loksnes-480-uzlimes-zilas\/"},"modified":"2022-05-31T17:19:56","modified_gmt":"2022-05-31T14:19:56","slug":"uzlimes-apli-ilc-ar-izmeru-70x37mm-20-loksnes-480-uzlimes-zilas","status":"publish","type":"product","link":"https:\/\/alkaline.lv\/en\/products\/uzlimes-apli-ilc-ar-izmeru-70x37mm-20-loksnes-480-uzlimes-zilas\/","title":{"rendered":"Uzl\u012bmes APLI ILC ar izm\u0113ru 70x37mm, 20 loksnes\/480 uzl\u012bmes zilas"},"content":{"rendered":"<p>\u2022 Kr\u0101sainas pa\u0161l\u012bm\u0113jo\u0161\u0101s uzl\u012bmes <br \/>\u2022 Ide\u0101las, lai izceltu dokumentus vai lietas, kur\u0101m v\u0113laties piev\u0113rst \u012bpa\u0161u uzman\u012bbu <br \/>\u2022 Piem\u0113rotas kop\u0113t\u0101jiem, melnbaltajiem un kr\u0101sainajiem tintes un l\u0101zerprinteriem <br \/>\u2022 Piem\u0113rotas popul\u0101r\u0101kaj\u0101m datorprogramm\u0101m <br \/>\u2022 20 loksnes pak\u0101<\/p>\n","protected":false},"excerpt":{"rendered":"<p>\u2022 Kr\u0101sainas pa\u0161l\u012bm\u0113jo\u0161\u0101s uzl\u012bmes \u2022 Ide\u0101las, lai izceltu dokumentus vai lietas, kur\u0101m v\u0113laties piev\u0113rst \u012bpa\u0161u uzman\u012bbu \u2022 Piem\u0113rotas kop\u0113t\u0101jiem, melnbaltajiem un kr\u0101sainajiem tintes un l\u0101zerprinteriem \u2022 Piem\u0113rotas popul\u0101r\u0101kaj\u0101m datorprogramm\u0101m \u2022 20 loksnes pak\u0101<\/p>\n","protected":false},"featured_media":10515,"template":"","meta":{"inline_featured_image":false},"product_cat":[71,408],"product_tag":[],"class_list":{"0":"post-10514","1":"product","2":"type-product","3":"status-publish","4":"has-post-thumbnail","6":"product_cat-biroja-preces","7":"product_cat-paslimejosas-etiketes-un-uzlimes","9":"first","10":"outofstock","11":"purchasable","12":"product-type-simple","13":"add-to-wishlist-after_add_to_cart"},"_links":{"self":[{"href":"https:\/\/alkaline.lv\/en\/wp-json\/wp\/v2\/product\/10514","targetHints":{"allow":["GET"]}}],"collection":[{"href":"https:\/\/alkaline.lv\/en\/wp-json\/wp\/v2\/product"}],"about":[{"href":"https:\/\/alkaline.lv\/en\/wp-json\/wp\/v2\/types\/product"}],"wp:featuredmedia":[{"embeddable":true,"href":"https:\/\/alkaline.lv\/en\/wp-json\/wp\/v2\/media\/10515"}],"wp:attachment":[{"href":"https:\/\/alkaline.lv\/en\/wp-json\/wp\/v2\/media?parent=10514"}],"wp:term":[{"taxonomy":"product_cat","embeddable":true,"href":"https:\/\/alkaline.lv\/en\/wp-json\/wp\/v2\/product_cat?post=10514"},{"taxonomy":"product_tag","embeddable":true,"href":"https:\/\/alkaline.lv\/en\/wp-json\/wp\/v2\/product_tag?post=10514"}],"curies":[{"name":"wp","href":"https:\/\/api.w.org\/{rel}","templated":true}]}}