{"id":10619,"date":"2022-05-31T17:20:34","date_gmt":"2022-05-31T14:20:34","guid":{"rendered":"https:\/\/alkaline.lv\/products\/piezimju-papirs-forpus-ar-salimetu-sanu-9x9-cm-500-lapas\/"},"modified":"2022-07-12T13:01:42","modified_gmt":"2022-07-12T10:01:42","slug":"piezimju-papirs-forpus-ar-salimetu-sanu-9x9-cm-500-lapas","status":"publish","type":"product","link":"https:\/\/alkaline.lv\/en\/products\/piezimju-papirs-forpus-ar-salimetu-sanu-9x9-cm-500-lapas\/","title":{"rendered":"Piez\u012bmju pap\u012brs FORPUS ar sal\u012bm\u0113tu s\u0101nu, 9&#215;9 cm, 500 lapas"},"content":{"rendered":"<p>\u2022 Viena puse ir sal\u012bm\u0113ta <br \/>\u2022 Blok\u0101 500 lapu <br \/>\u2022 Balt\u0101 kras\u0101<\/p>\n","protected":false},"excerpt":{"rendered":"<p>\u2022 Viena puse ir sal\u012bm\u0113ta \u2022 Blok\u0101 500 lapu \u2022 Balt\u0101 kras\u0101<\/p>\n","protected":false},"featured_media":10620,"template":"","meta":{"inline_featured_image":false},"product_cat":[71,415,414],"product_tag":[],"class_list":{"0":"post-10619","1":"product","2":"type-product","3":"status-publish","4":"has-post-thumbnail","6":"product_cat-biroja-preces","7":"product_cat-burtnicas-un-bloknoti","8":"product_cat-rakstampapirs","10":"first","11":"instock","12":"purchasable","13":"product-type-simple","14":"add-to-wishlist-after_add_to_cart"},"_links":{"self":[{"href":"https:\/\/alkaline.lv\/en\/wp-json\/wp\/v2\/product\/10619","targetHints":{"allow":["GET"]}}],"collection":[{"href":"https:\/\/alkaline.lv\/en\/wp-json\/wp\/v2\/product"}],"about":[{"href":"https:\/\/alkaline.lv\/en\/wp-json\/wp\/v2\/types\/product"}],"wp:featuredmedia":[{"embeddable":true,"href":"https:\/\/alkaline.lv\/en\/wp-json\/wp\/v2\/media\/10620"}],"wp:attachment":[{"href":"https:\/\/alkaline.lv\/en\/wp-json\/wp\/v2\/media?parent=10619"}],"wp:term":[{"taxonomy":"product_cat","embeddable":true,"href":"https:\/\/alkaline.lv\/en\/wp-json\/wp\/v2\/product_cat?post=10619"},{"taxonomy":"product_tag","embeddable":true,"href":"https:\/\/alkaline.lv\/en\/wp-json\/wp\/v2\/product_tag?post=10619"}],"curies":[{"name":"wp","href":"https:\/\/api.w.org\/{rel}","templated":true}]}}