{"id":10625,"date":"2022-05-31T17:20:34","date_gmt":"2022-05-31T14:20:34","guid":{"rendered":"https:\/\/alkaline.lv\/products\/piezimju-papirs-tehnoinform-mainai-9x9cm-500-lapas-balta-krasa\/"},"modified":"2022-07-12T13:01:46","modified_gmt":"2022-07-12T10:01:46","slug":"piezimju-papirs-tehnoinform-mainai-9x9cm-500-lapas-balta-krasa","status":"publish","type":"product","link":"https:\/\/alkaline.lv\/en\/products\/piezimju-papirs-tehnoinform-mainai-9x9cm-500-lapas-balta-krasa\/","title":{"rendered":"Piez\u012bmju pap\u012brs Tehnoinform mai\u0146ai, 9x9cm, 500 lapas balt\u0101 kr\u0101s\u0101"},"content":{"rendered":"<p>\u2022 500 lapas<\/p>\n","protected":false},"excerpt":{"rendered":"<p>\u2022 500 lapas<\/p>\n","protected":false},"featured_media":10626,"template":"","meta":{"inline_featured_image":false},"product_cat":[71,415,414],"product_tag":[],"class_list":{"0":"post-10625","1":"product","2":"type-product","3":"status-publish","4":"has-post-thumbnail","6":"product_cat-biroja-preces","7":"product_cat-burtnicas-un-bloknoti","8":"product_cat-rakstampapirs","10":"first","11":"instock","12":"purchasable","13":"product-type-simple","14":"add-to-wishlist-after_add_to_cart"},"_links":{"self":[{"href":"https:\/\/alkaline.lv\/en\/wp-json\/wp\/v2\/product\/10625","targetHints":{"allow":["GET"]}}],"collection":[{"href":"https:\/\/alkaline.lv\/en\/wp-json\/wp\/v2\/product"}],"about":[{"href":"https:\/\/alkaline.lv\/en\/wp-json\/wp\/v2\/types\/product"}],"wp:featuredmedia":[{"embeddable":true,"href":"https:\/\/alkaline.lv\/en\/wp-json\/wp\/v2\/media\/10626"}],"wp:attachment":[{"href":"https:\/\/alkaline.lv\/en\/wp-json\/wp\/v2\/media?parent=10625"}],"wp:term":[{"taxonomy":"product_cat","embeddable":true,"href":"https:\/\/alkaline.lv\/en\/wp-json\/wp\/v2\/product_cat?post=10625"},{"taxonomy":"product_tag","embeddable":true,"href":"https:\/\/alkaline.lv\/en\/wp-json\/wp\/v2\/product_tag?post=10625"}],"curies":[{"name":"wp","href":"https:\/\/api.w.org\/{rel}","templated":true}]}}