{"id":10627,"date":"2022-05-31T17:20:34","date_gmt":"2022-05-31T14:20:34","guid":{"rendered":"https:\/\/alkaline.lv\/products\/piezimju-papirs-smlt-maina-9x9cm-500-lapas-krasainas-pu-500sp\/"},"modified":"2022-07-12T13:01:41","modified_gmt":"2022-07-12T10:01:41","slug":"piezimju-papirs-smlt-maina-9x9cm-500-lapas-krasainas-pu-500sp","status":"publish","type":"product","link":"https:\/\/alkaline.lv\/en\/products\/piezimju-papirs-smlt-maina-9x9cm-500-lapas-krasainas-pu-500sp\/","title":{"rendered":"Piez\u012bmju pap\u012brs SMLT (mai\u0146a), 9x9cm, 500 lapas kr\u0101sainas       (PU-500SP)"},"content":{"rendered":"<p>\u2022 500 lapas<\/p>\n","protected":false},"excerpt":{"rendered":"<p>\u2022 500 lapas<\/p>\n","protected":false},"featured_media":10628,"template":"","meta":{"inline_featured_image":false},"product_cat":[71,414,415],"product_tag":[],"class_list":{"0":"post-10627","1":"product","2":"type-product","3":"status-publish","4":"has-post-thumbnail","6":"product_cat-biroja-preces","7":"product_cat-rakstampapirs","8":"product_cat-burtnicas-un-bloknoti","10":"first","11":"instock","12":"purchasable","13":"product-type-simple","14":"add-to-wishlist-after_add_to_cart"},"_links":{"self":[{"href":"https:\/\/alkaline.lv\/en\/wp-json\/wp\/v2\/product\/10627"}],"collection":[{"href":"https:\/\/alkaline.lv\/en\/wp-json\/wp\/v2\/product"}],"about":[{"href":"https:\/\/alkaline.lv\/en\/wp-json\/wp\/v2\/types\/product"}],"wp:featuredmedia":[{"embeddable":true,"href":"https:\/\/alkaline.lv\/en\/wp-json\/wp\/v2\/media\/10628"}],"wp:attachment":[{"href":"https:\/\/alkaline.lv\/en\/wp-json\/wp\/v2\/media?parent=10627"}],"wp:term":[{"taxonomy":"product_cat","embeddable":true,"href":"https:\/\/alkaline.lv\/en\/wp-json\/wp\/v2\/product_cat?post=10627"},{"taxonomy":"product_tag","embeddable":true,"href":"https:\/\/alkaline.lv\/en\/wp-json\/wp\/v2\/product_tag?post=10627"}],"curies":[{"name":"wp","href":"https:\/\/api.w.org\/{rel}","templated":true}]}}