{"id":10645,"date":"2022-05-31T17:20:54","date_gmt":"2022-05-31T14:20:54","guid":{"rendered":"https:\/\/alkaline.lv\/products\/piezimju-limlapinu-kubs-post-it-aquarelle-76x76mm-zilos-tonos\/"},"modified":"2022-07-12T13:01:59","modified_gmt":"2022-07-12T10:01:59","slug":"piezimju-limlapinu-kubs-post-it-aquarelle-76x76mm-zilos-tonos","status":"publish","type":"product","link":"https:\/\/alkaline.lv\/en\/products\/piezimju-limlapinu-kubs-post-it-aquarelle-76x76mm-zilos-tonos\/","title":{"rendered":"Piez\u012bmju l\u012bmlapi\u0146u kubs POST-IT Aquarelle, 76x76mm, zilos to\u0146os"},"content":{"rendered":"<p>\u2022Lieliski piem\u0113rots tiem, kas ikdien\u0101 raksta daudz zi\u0146ojumus un atg\u0101din\u0101jumus.<br \/>\u2022L\u012bmlapi\u0146as ir vairakk\u0101rt p\u0101rl\u012bm\u0113jamas.<br \/>\u2022 Piel\u012bp stingri, neatst\u0101jot traipus p\u0113c no\u0146em\u0161anas.<br \/>\u2022 Kub\u0101 450 lapi\u0146as 5 to\u0146os<\/p>\n","protected":false},"excerpt":{"rendered":"<p>\u2022Lieliski piem\u0113rots tiem, kas ikdien\u0101 raksta daudz zi\u0146ojumus un atg\u0101din\u0101jumus.\u2022L\u012bmlapi\u0146as ir vairakk\u0101rt p\u0101rl\u012bm\u0113jamas.\u2022 Piel\u012bp stingri, neatst\u0101jot traipus p\u0113c no\u0146em\u0161anas.\u2022 Kub\u0101 450 lapi\u0146as 5 to\u0146os<\/p>\n","protected":false},"featured_media":10646,"template":"","meta":{"inline_featured_image":false},"product_cat":[71,421],"product_tag":[],"class_list":{"0":"post-10645","1":"product","2":"type-product","3":"status-publish","4":"has-post-thumbnail","6":"product_cat-biroja-preces","7":"product_cat-limlapinas-2","9":"first","10":"instock","11":"purchasable","12":"product-type-simple","13":"add-to-wishlist-after_add_to_cart"},"_links":{"self":[{"href":"https:\/\/alkaline.lv\/en\/wp-json\/wp\/v2\/product\/10645"}],"collection":[{"href":"https:\/\/alkaline.lv\/en\/wp-json\/wp\/v2\/product"}],"about":[{"href":"https:\/\/alkaline.lv\/en\/wp-json\/wp\/v2\/types\/product"}],"wp:featuredmedia":[{"embeddable":true,"href":"https:\/\/alkaline.lv\/en\/wp-json\/wp\/v2\/media\/10646"}],"wp:attachment":[{"href":"https:\/\/alkaline.lv\/en\/wp-json\/wp\/v2\/media?parent=10645"}],"wp:term":[{"taxonomy":"product_cat","embeddable":true,"href":"https:\/\/alkaline.lv\/en\/wp-json\/wp\/v2\/product_cat?post=10645"},{"taxonomy":"product_tag","embeddable":true,"href":"https:\/\/alkaline.lv\/en\/wp-json\/wp\/v2\/product_tag?post=10645"}],"curies":[{"name":"wp","href":"https:\/\/api.w.org\/{rel}","templated":true}]}}