{"id":10654,"date":"2022-05-31T17:20:54","date_gmt":"2022-05-31T14:20:54","guid":{"rendered":"https:\/\/alkaline.lv\/products\/piezimju-limlapinu-kubs-post-it-aquarelle-76x76mm-zala-krasa\/"},"modified":"2022-07-12T13:01:49","modified_gmt":"2022-07-12T10:01:49","slug":"piezimju-limlapinu-kubs-post-it-aquarelle-76x76mm-zala-krasa","status":"publish","type":"product","link":"https:\/\/alkaline.lv\/en\/products\/piezimju-limlapinu-kubs-post-it-aquarelle-76x76mm-zala-krasa\/","title":{"rendered":"Piez\u012bmju l\u012bmlapi\u0146u kubs POST-IT Aquarelle, 76x76mm, za\u013c\u0101 kr\u0101s\u0101"},"content":{"rendered":"<p>\u2022Lieliski piem\u0113rots tiem, kas ikdien\u0101 raksta daudz zi\u0146ojumus un atg\u0101din\u0101jumus. <br \/>\u2022L\u012bmlapi\u0146as ir vairakk\u0101rt p\u0101rl\u012bm\u0113jamas. <br \/>\u2022Piel\u012bp stingri, neatst\u0101jot traipus p\u0113c no\u0146em\u0161anas.<br \/>\u2022 Kub\u0101 450 lapi\u0146as 5 to\u0146os<\/p>\n","protected":false},"excerpt":{"rendered":"<p>\u2022Lieliski piem\u0113rots tiem, kas ikdien\u0101 raksta daudz zi\u0146ojumus un atg\u0101din\u0101jumus. \u2022L\u012bmlapi\u0146as ir vairakk\u0101rt p\u0101rl\u012bm\u0113jamas. \u2022Piel\u012bp stingri, neatst\u0101jot traipus p\u0113c no\u0146em\u0161anas.\u2022 Kub\u0101 450 lapi\u0146as 5 to\u0146os<\/p>\n","protected":false},"featured_media":10655,"template":"","meta":{"inline_featured_image":false},"product_cat":[71,421],"product_tag":[],"class_list":{"0":"post-10654","1":"product","2":"type-product","3":"status-publish","4":"has-post-thumbnail","6":"product_cat-biroja-preces","7":"product_cat-limlapinas-2","9":"first","10":"instock","11":"purchasable","12":"product-type-simple","13":"add-to-wishlist-after_add_to_cart"},"_links":{"self":[{"href":"https:\/\/alkaline.lv\/en\/wp-json\/wp\/v2\/product\/10654"}],"collection":[{"href":"https:\/\/alkaline.lv\/en\/wp-json\/wp\/v2\/product"}],"about":[{"href":"https:\/\/alkaline.lv\/en\/wp-json\/wp\/v2\/types\/product"}],"wp:featuredmedia":[{"embeddable":true,"href":"https:\/\/alkaline.lv\/en\/wp-json\/wp\/v2\/media\/10655"}],"wp:attachment":[{"href":"https:\/\/alkaline.lv\/en\/wp-json\/wp\/v2\/media?parent=10654"}],"wp:term":[{"taxonomy":"product_cat","embeddable":true,"href":"https:\/\/alkaline.lv\/en\/wp-json\/wp\/v2\/product_cat?post=10654"},{"taxonomy":"product_tag","embeddable":true,"href":"https:\/\/alkaline.lv\/en\/wp-json\/wp\/v2\/product_tag?post=10654"}],"curies":[{"name":"wp","href":"https:\/\/api.w.org\/{rel}","templated":true}]}}