{"id":10693,"date":"2022-05-31T17:21:14","date_gmt":"2022-05-31T14:21:14","guid":{"rendered":"https:\/\/alkaline.lv\/products\/piezimju-limlapinas-tartan-ar-izmeru-76x76mm-dzeltenas\/"},"modified":"2022-07-12T13:01:48","modified_gmt":"2022-07-12T10:01:48","slug":"piezimju-limlapinas-tartan-ar-izmeru-76x76mm-dzeltenas","status":"publish","type":"product","link":"https:\/\/alkaline.lv\/en\/products\/piezimju-limlapinas-tartan-ar-izmeru-76x76mm-dzeltenas\/","title":{"rendered":"Piez\u012bmju l\u012bmlapi\u0146as TARTAN ar izm\u0113ru 76x76mm dzeltenas"},"content":{"rendered":"<p>\u2022Bloci\u0146\u0101 100 lapi\u0146as; ra\u017eot\u0101ja preces kods 3MT654T<\/p>\n","protected":false},"excerpt":{"rendered":"<p>\u2022Bloci\u0146\u0101 100 lapi\u0146as; ra\u017eot\u0101ja preces kods 3MT654T<\/p>\n","protected":false},"featured_media":10694,"template":"","meta":{"inline_featured_image":false},"product_cat":[71,421],"product_tag":[],"class_list":{"0":"post-10693","1":"product","2":"type-product","3":"status-publish","4":"has-post-thumbnail","6":"product_cat-biroja-preces","7":"product_cat-limlapinas-2","9":"first","10":"instock","11":"purchasable","12":"product-type-simple","13":"add-to-wishlist-after_add_to_cart"},"_links":{"self":[{"href":"https:\/\/alkaline.lv\/en\/wp-json\/wp\/v2\/product\/10693"}],"collection":[{"href":"https:\/\/alkaline.lv\/en\/wp-json\/wp\/v2\/product"}],"about":[{"href":"https:\/\/alkaline.lv\/en\/wp-json\/wp\/v2\/types\/product"}],"wp:featuredmedia":[{"embeddable":true,"href":"https:\/\/alkaline.lv\/en\/wp-json\/wp\/v2\/media\/10694"}],"wp:attachment":[{"href":"https:\/\/alkaline.lv\/en\/wp-json\/wp\/v2\/media?parent=10693"}],"wp:term":[{"taxonomy":"product_cat","embeddable":true,"href":"https:\/\/alkaline.lv\/en\/wp-json\/wp\/v2\/product_cat?post=10693"},{"taxonomy":"product_tag","embeddable":true,"href":"https:\/\/alkaline.lv\/en\/wp-json\/wp\/v2\/product_tag?post=10693"}],"curies":[{"name":"wp","href":"https:\/\/api.w.org\/{rel}","templated":true}]}}