{"id":10702,"date":"2022-05-31T17:21:14","date_gmt":"2022-05-31T14:21:14","guid":{"rendered":"https:\/\/alkaline.lv\/products\/pasliposie-indeksi-post-it-25-4x43-2mm-50-lapinas-dzeltena-krasa\/"},"modified":"2022-07-12T13:02:04","modified_gmt":"2022-07-12T10:02:04","slug":"pasliposie-indeksi-post-it-25-4x43-2mm-50-lapinas-dzeltena-krasa","status":"publish","type":"product","link":"https:\/\/alkaline.lv\/en\/products\/pasliposie-indeksi-post-it-25-4x43-2mm-50-lapinas-dzeltena-krasa\/","title":{"rendered":"Pa\u0161l\u012bpo\u0161ie indeksi POST-IT 25.4&#215;43.2mm, 50 lapi\u0146as dzelten\u0101 kr\u0101s\u0101"},"content":{"rendered":"<p>\u2022 Komplekt\u0101 1 x 50 indeksi <br \/>\u2022 P\u0101rl\u012bm\u0113jami mar\u0137\u0113jo\u0161ie indeksi <br \/>\u2022 Caursp\u012bd\u012bgi, neaizkl\u0101j tekstu, uz tiem var rakst\u012bt <br \/>\u2022 Lai viegli atdal\u012btu vienu no otra, ievietoti plastik\u0101ta tur\u0113t\u0101j\u0101 <br \/>\u2022 Indeksu izm\u0113rs 25 x 43 mm<\/p>\n","protected":false},"excerpt":{"rendered":"<p>\u2022 Komplekt\u0101 1 x 50 indeksi \u2022 P\u0101rl\u012bm\u0113jami mar\u0137\u0113jo\u0161ie indeksi \u2022 Caursp\u012bd\u012bgi, neaizkl\u0101j tekstu, uz tiem var rakst\u012bt \u2022 Lai viegli atdal\u012btu vienu no otra, ievietoti plastik\u0101ta tur\u0113t\u0101j\u0101 \u2022 Indeksu izm\u0113rs 25 x 43 mm<\/p>\n","protected":false},"featured_media":10703,"template":"","meta":{"inline_featured_image":false},"product_cat":[71,423],"product_tag":[],"class_list":{"0":"post-10702","1":"product","2":"type-product","3":"status-publish","4":"has-post-thumbnail","6":"product_cat-biroja-preces","7":"product_cat-indeksi","9":"first","10":"instock","11":"purchasable","12":"product-type-simple","13":"add-to-wishlist-after_add_to_cart"},"_links":{"self":[{"href":"https:\/\/alkaline.lv\/en\/wp-json\/wp\/v2\/product\/10702"}],"collection":[{"href":"https:\/\/alkaline.lv\/en\/wp-json\/wp\/v2\/product"}],"about":[{"href":"https:\/\/alkaline.lv\/en\/wp-json\/wp\/v2\/types\/product"}],"wp:featuredmedia":[{"embeddable":true,"href":"https:\/\/alkaline.lv\/en\/wp-json\/wp\/v2\/media\/10703"}],"wp:attachment":[{"href":"https:\/\/alkaline.lv\/en\/wp-json\/wp\/v2\/media?parent=10702"}],"wp:term":[{"taxonomy":"product_cat","embeddable":true,"href":"https:\/\/alkaline.lv\/en\/wp-json\/wp\/v2\/product_cat?post=10702"},{"taxonomy":"product_tag","embeddable":true,"href":"https:\/\/alkaline.lv\/en\/wp-json\/wp\/v2\/product_tag?post=10702"}],"curies":[{"name":"wp","href":"https:\/\/api.w.org\/{rel}","templated":true}]}}