{"id":10710,"date":"2022-05-31T17:21:14","date_gmt":"2022-05-31T14:21:14","guid":{"rendered":"https:\/\/alkaline.lv\/products\/pasliposie-plastikata-caurspidigi-indeksi-forpus-20x50mm-4\/"},"modified":"2022-07-12T13:02:06","modified_gmt":"2022-07-12T10:02:06","slug":"pasliposie-plastikata-caurspidigi-indeksi-forpus-20x50mm-4","status":"publish","type":"product","link":"https:\/\/alkaline.lv\/en\/products\/pasliposie-plastikata-caurspidigi-indeksi-forpus-20x50mm-4\/","title":{"rendered":"Pa\u0161l\u012bpo\u0161ie plastik\u0101ta caursp\u012bd\u012bgi indeksi FORPUS 20x50mm, 4"},"content":{"rendered":"<p>\u2022 Plastik\u0101ta caursp\u012bd\u012bgi indeksi <br \/>\u2022 20 x 50 mm <br \/>\u2022 4 bloci\u0146i neona kr\u0101s\u0101s <br \/>\u2022 40 indeksi bloci\u0146\u0101<\/p>\n","protected":false},"excerpt":{"rendered":"<p>\u2022 Plastik\u0101ta caursp\u012bd\u012bgi indeksi \u2022 20 x 50 mm \u2022 4 bloci\u0146i neona kr\u0101s\u0101s \u2022 40 indeksi bloci\u0146\u0101<\/p>\n","protected":false},"featured_media":10711,"template":"","meta":{"inline_featured_image":false},"product_cat":[71,423],"product_tag":[],"class_list":{"0":"post-10710","1":"product","2":"type-product","3":"status-publish","4":"has-post-thumbnail","6":"product_cat-biroja-preces","7":"product_cat-indeksi","9":"first","10":"instock","11":"purchasable","12":"product-type-simple","13":"add-to-wishlist-after_add_to_cart"},"_links":{"self":[{"href":"https:\/\/alkaline.lv\/en\/wp-json\/wp\/v2\/product\/10710"}],"collection":[{"href":"https:\/\/alkaline.lv\/en\/wp-json\/wp\/v2\/product"}],"about":[{"href":"https:\/\/alkaline.lv\/en\/wp-json\/wp\/v2\/types\/product"}],"wp:featuredmedia":[{"embeddable":true,"href":"https:\/\/alkaline.lv\/en\/wp-json\/wp\/v2\/media\/10711"}],"wp:attachment":[{"href":"https:\/\/alkaline.lv\/en\/wp-json\/wp\/v2\/media?parent=10710"}],"wp:term":[{"taxonomy":"product_cat","embeddable":true,"href":"https:\/\/alkaline.lv\/en\/wp-json\/wp\/v2\/product_cat?post=10710"},{"taxonomy":"product_tag","embeddable":true,"href":"https:\/\/alkaline.lv\/en\/wp-json\/wp\/v2\/product_tag?post=10710"}],"curies":[{"name":"wp","href":"https:\/\/api.w.org\/{rel}","templated":true}]}}