{"id":10717,"date":"2022-05-31T17:21:14","date_gmt":"2022-05-31T14:21:14","guid":{"rendered":"https:\/\/alkaline.lv\/products\/pasliposie-indeksi-post-it-12x44-mm-4-krasas\/"},"modified":"2022-07-12T13:02:06","modified_gmt":"2022-07-12T10:02:06","slug":"pasliposie-indeksi-post-it-12x44-mm-4-krasas","status":"publish","type":"product","link":"https:\/\/alkaline.lv\/en\/products\/pasliposie-indeksi-post-it-12x44-mm-4-krasas\/","title":{"rendered":"Pa\u0161l\u012bpo\u0161ie indeksi POST-IT 12&#215;44 mm 4 kr\u0101sas"},"content":{"rendered":"<p>\u2022 Komplekt\u0101 4 x 35 da\u017e\u0101du kr\u0101su indeksi <br \/>\u2022 Atdal\u0101mos plastik\u0101ta tur\u0113t\u0101jos <br \/>\u2022 Viegli piel\u012bm\u0113jami pie datora vai galda virsmas <br \/>\u2022 Indeksu izm\u0113rs 12 x 43 mm <br \/>\u2022 Skaits &#8211; 50 gab.<\/p>\n","protected":false},"excerpt":{"rendered":"<p>\u2022 Komplekt\u0101 4 x 35 da\u017e\u0101du kr\u0101su indeksi \u2022 Atdal\u0101mos plastik\u0101ta tur\u0113t\u0101jos \u2022 Viegli piel\u012bm\u0113jami pie datora vai galda virsmas \u2022 Indeksu izm\u0113rs 12 x 43 mm \u2022 Skaits &#8211; 50 gab.<\/p>\n","protected":false},"featured_media":10718,"template":"","meta":{"inline_featured_image":false},"product_cat":[71,423],"product_tag":[],"class_list":{"0":"post-10717","1":"product","2":"type-product","3":"status-publish","4":"has-post-thumbnail","6":"product_cat-biroja-preces","7":"product_cat-indeksi","9":"first","10":"instock","11":"purchasable","12":"product-type-simple","13":"add-to-wishlist-after_add_to_cart"},"_links":{"self":[{"href":"https:\/\/alkaline.lv\/en\/wp-json\/wp\/v2\/product\/10717","targetHints":{"allow":["GET"]}}],"collection":[{"href":"https:\/\/alkaline.lv\/en\/wp-json\/wp\/v2\/product"}],"about":[{"href":"https:\/\/alkaline.lv\/en\/wp-json\/wp\/v2\/types\/product"}],"wp:featuredmedia":[{"embeddable":true,"href":"https:\/\/alkaline.lv\/en\/wp-json\/wp\/v2\/media\/10718"}],"wp:attachment":[{"href":"https:\/\/alkaline.lv\/en\/wp-json\/wp\/v2\/media?parent=10717"}],"wp:term":[{"taxonomy":"product_cat","embeddable":true,"href":"https:\/\/alkaline.lv\/en\/wp-json\/wp\/v2\/product_cat?post=10717"},{"taxonomy":"product_tag","embeddable":true,"href":"https:\/\/alkaline.lv\/en\/wp-json\/wp\/v2\/product_tag?post=10717"}],"curies":[{"name":"wp","href":"https:\/\/api.w.org\/{rel}","templated":true}]}}