{"id":10726,"date":"2022-05-31T17:21:14","date_gmt":"2022-05-31T14:21:14","guid":{"rendered":"https:\/\/alkaline.lv\/products\/pasliposie-indeksi-post-it-strong-sarkana-dzeltena-un-zila-krasas\/"},"modified":"2022-07-12T13:01:59","modified_gmt":"2022-07-12T10:01:59","slug":"pasliposie-indeksi-post-it-strong-sarkana-dzeltena-un-zila-krasas","status":"publish","type":"product","link":"https:\/\/alkaline.lv\/en\/products\/pasliposie-indeksi-post-it-strong-sarkana-dzeltena-un-zila-krasas\/","title":{"rendered":"Pa\u0161l\u012bpo\u0161ie indeksi POST-IT Strong sarkan\u0101, dzelten\u0101 un zil\u0101 kr\u0101s\u0101s"},"content":{"rendered":"<p>\u2022 Caursp\u012bd\u012bgi indeksi dokumentu sak\u0101rto\u0161anai, izcel\u0161anai un atdal\u012b\u0161anai <br \/>\u2022 Uzlabot\u0101 l\u012bmviela nodro\u0161ina ilg\u0101ku indeksu lieto\u0161anu <br \/>\u2022 Viegli no\u0146emami un p\u0101rl\u012bm\u0113jami, neboj\u0101 dokumentus <br \/>\u2022 Uz indeksiem var rakst\u012bt, neaizsedz tekstu <br \/>\u2022 Komplekt\u0101 3 x 22 gab. da\u017e\u0101du kr\u0101su indeksi ar izm\u0113ru 25 x 38 mm<\/p>\n","protected":false},"excerpt":{"rendered":"<p>\u2022 Caursp\u012bd\u012bgi indeksi dokumentu sak\u0101rto\u0161anai, izcel\u0161anai un atdal\u012b\u0161anai \u2022 Uzlabot\u0101 l\u012bmviela nodro\u0161ina ilg\u0101ku indeksu lieto\u0161anu \u2022 Viegli no\u0146emami un p\u0101rl\u012bm\u0113jami, neboj\u0101 dokumentus \u2022 Uz indeksiem var rakst\u012bt, neaizsedz tekstu \u2022 Komplekt\u0101 3 x 22 gab. da\u017e\u0101du kr\u0101su indeksi ar izm\u0113ru 25 x 38 mm<\/p>\n","protected":false},"featured_media":10727,"template":"","meta":{"inline_featured_image":false},"product_cat":[71,423],"product_tag":[],"class_list":{"0":"post-10726","1":"product","2":"type-product","3":"status-publish","4":"has-post-thumbnail","6":"product_cat-biroja-preces","7":"product_cat-indeksi","9":"first","10":"instock","11":"purchasable","12":"product-type-simple","13":"add-to-wishlist-after_add_to_cart"},"_links":{"self":[{"href":"https:\/\/alkaline.lv\/en\/wp-json\/wp\/v2\/product\/10726"}],"collection":[{"href":"https:\/\/alkaline.lv\/en\/wp-json\/wp\/v2\/product"}],"about":[{"href":"https:\/\/alkaline.lv\/en\/wp-json\/wp\/v2\/types\/product"}],"wp:featuredmedia":[{"embeddable":true,"href":"https:\/\/alkaline.lv\/en\/wp-json\/wp\/v2\/media\/10727"}],"wp:attachment":[{"href":"https:\/\/alkaline.lv\/en\/wp-json\/wp\/v2\/media?parent=10726"}],"wp:term":[{"taxonomy":"product_cat","embeddable":true,"href":"https:\/\/alkaline.lv\/en\/wp-json\/wp\/v2\/product_cat?post=10726"},{"taxonomy":"product_tag","embeddable":true,"href":"https:\/\/alkaline.lv\/en\/wp-json\/wp\/v2\/product_tag?post=10726"}],"curies":[{"name":"wp","href":"https:\/\/api.w.org\/{rel}","templated":true}]}}