{"id":10763,"date":"2022-05-31T17:21:35","date_gmt":"2022-05-31T14:21:35","guid":{"rendered":"https:\/\/alkaline.lv\/products\/plotera-papirs-hp-bright-white-ar-izmeru-914mm-x-45-7m-90g-m2\/"},"modified":"2022-05-31T21:05:33","modified_gmt":"2022-05-31T18:05:33","slug":"plotera-papirs-hp-bright-white-ar-izmeru-914mm-x-45-7m-90g-m2","status":"publish","type":"product","link":"https:\/\/alkaline.lv\/en\/products\/plotera-papirs-hp-bright-white-ar-izmeru-914mm-x-45-7m-90g-m2\/","title":{"rendered":"Plotera pap\u012brs HP Bright White ar izm\u0113ru 914mm x 45.7m 90g\/m2"},"content":{"rendered":"<p>lielform\u0101ta pap\u012brs ide\u0101li piem\u0113rots ikdienas melnbaltaj\u0101m un kr\u0101sainaj\u0101m izdruk\u0101m speci\u0101li apstr\u0101d\u0101ta \u0101tri \u017e\u016bsto\u0161\u0101 pap\u012bra virsma piem\u0113rots tintes printeriem iek\u0161\u0113jais diametrs 50.8 mm sv\u0101rs: 90 g\/m2 pap\u012bra biezums: 122 mkm ECOLABEL sertific\u0113ts pap\u012brs<\/p>\n","protected":false},"excerpt":{"rendered":"<p>lielform\u0101ta pap\u012brs ide\u0101li piem\u0113rots ikdienas melnbaltaj\u0101m un kr\u0101sainaj\u0101m izdruk\u0101m speci\u0101li apstr\u0101d\u0101ta \u0101tri \u017e\u016bsto\u0161\u0101 pap\u012bra virsma piem\u0113rots tintes printeriem iek\u0161\u0113jais diametrs 50.8 mm sv\u0101rs: 90 g\/m2 pap\u012bra biezums: 122 mkm ECOLABEL sertific\u0113ts pap\u012brs<\/p>\n","protected":false},"featured_media":10764,"template":"","meta":{"inline_featured_image":false},"product_cat":[71,383],"product_tag":[],"class_list":{"0":"post-10763","1":"product","2":"type-product","3":"status-publish","4":"has-post-thumbnail","6":"product_cat-biroja-preces","7":"product_cat-rullu-papirs","9":"first","10":"instock","11":"purchasable","12":"product-type-simple","13":"add-to-wishlist-after_add_to_cart"},"_links":{"self":[{"href":"https:\/\/alkaline.lv\/en\/wp-json\/wp\/v2\/product\/10763"}],"collection":[{"href":"https:\/\/alkaline.lv\/en\/wp-json\/wp\/v2\/product"}],"about":[{"href":"https:\/\/alkaline.lv\/en\/wp-json\/wp\/v2\/types\/product"}],"wp:featuredmedia":[{"embeddable":true,"href":"https:\/\/alkaline.lv\/en\/wp-json\/wp\/v2\/media\/10764"}],"wp:attachment":[{"href":"https:\/\/alkaline.lv\/en\/wp-json\/wp\/v2\/media?parent=10763"}],"wp:term":[{"taxonomy":"product_cat","embeddable":true,"href":"https:\/\/alkaline.lv\/en\/wp-json\/wp\/v2\/product_cat?post=10763"},{"taxonomy":"product_tag","embeddable":true,"href":"https:\/\/alkaline.lv\/en\/wp-json\/wp\/v2\/product_tag?post=10763"}],"curies":[{"name":"wp","href":"https:\/\/api.w.org\/{rel}","templated":true}]}}