{"id":10786,"date":"2022-05-31T17:21:55","date_gmt":"2022-05-31T14:21:55","guid":{"rendered":"https:\/\/alkaline.lv\/products\/apalas-uzlimes-apli-ar-diametru-16mm-8-loksnes-432-uzlimes-sarkanas\/"},"modified":"2022-05-31T21:25:45","modified_gmt":"2022-05-31T18:25:45","slug":"apalas-uzlimes-apli-ar-diametru-16mm-8-loksnes-432-uzlimes-sarkanas","status":"publish","type":"product","link":"https:\/\/alkaline.lv\/en\/products\/apalas-uzlimes-apli-ar-diametru-16mm-8-loksnes-432-uzlimes-sarkanas\/","title":{"rendered":"Apa\u013cas uzl\u012bmes APLI ar diametru 16mm, 8 loksnes\/432 uzl\u012bmes sarkanas"},"content":{"rendered":"<p>\u2022Apa\u013cas pa\u0161l\u012bm\u0113jo\u0161\u0101s uzl\u012bmes \u2022Izmantojamas mar\u0137\u0113\u0161anai \u2022Iepakojum\u0101 8 loksnes (kr\u0101sain\u0101s uzl\u012bmes) \u00f8 16 mm, sarkanas<\/p>\n","protected":false},"excerpt":{"rendered":"<p>\u2022Apa\u013cas pa\u0161l\u012bm\u0113jo\u0161\u0101s uzl\u012bmes \u2022Izmantojamas mar\u0137\u0113\u0161anai \u2022Iepakojum\u0101 8 loksnes (kr\u0101sain\u0101s uzl\u012bmes) \u00f8 16 mm, sarkanas<\/p>\n","protected":false},"featured_media":10787,"template":"","meta":{"inline_featured_image":false},"product_cat":[71,408],"product_tag":[],"class_list":{"0":"post-10786","1":"product","2":"type-product","3":"status-publish","4":"has-post-thumbnail","6":"product_cat-biroja-preces","7":"product_cat-paslimejosas-etiketes-un-uzlimes","9":"first","10":"outofstock","11":"purchasable","12":"product-type-simple","13":"add-to-wishlist-after_add_to_cart"},"_links":{"self":[{"href":"https:\/\/alkaline.lv\/en\/wp-json\/wp\/v2\/product\/10786"}],"collection":[{"href":"https:\/\/alkaline.lv\/en\/wp-json\/wp\/v2\/product"}],"about":[{"href":"https:\/\/alkaline.lv\/en\/wp-json\/wp\/v2\/types\/product"}],"wp:featuredmedia":[{"embeddable":true,"href":"https:\/\/alkaline.lv\/en\/wp-json\/wp\/v2\/media\/10787"}],"wp:attachment":[{"href":"https:\/\/alkaline.lv\/en\/wp-json\/wp\/v2\/media?parent=10786"}],"wp:term":[{"taxonomy":"product_cat","embeddable":true,"href":"https:\/\/alkaline.lv\/en\/wp-json\/wp\/v2\/product_cat?post=10786"},{"taxonomy":"product_tag","embeddable":true,"href":"https:\/\/alkaline.lv\/en\/wp-json\/wp\/v2\/product_tag?post=10786"}],"curies":[{"name":"wp","href":"https:\/\/api.w.org\/{rel}","templated":true}]}}