{"id":10788,"date":"2022-05-31T17:21:55","date_gmt":"2022-05-31T14:21:55","guid":{"rendered":"https:\/\/alkaline.lv\/products\/uzlimes-apli-ar-izmeru-64x339mm-20-loksnes-480-uzlimes-neon-oranzas\/"},"modified":"2022-05-31T17:21:59","modified_gmt":"2022-05-31T14:21:59","slug":"uzlimes-apli-ar-izmeru-64x339mm-20-loksnes-480-uzlimes-neon-oranzas","status":"publish","type":"product","link":"https:\/\/alkaline.lv\/en\/products\/uzlimes-apli-ar-izmeru-64x339mm-20-loksnes-480-uzlimes-neon-oranzas\/","title":{"rendered":"Uzl\u012bmes APLI ar izm\u0113ru 64&#215;33,9mm, 20 loksnes\/480 uzl\u012bmes neon oran\u017eas"},"content":{"rendered":"<p>pa\u0161l\u012bm\u0113jo\u0161\u0101s eti\u0137etes (noapa\u013coti st\u016bri) l\u0101zerprinteriem un kop\u0113\u0161anas tehnikai pieska\u0146otas vispopul\u0101r\u0101kaj\u0101m datoru programm\u0101m A4 form\u0101ts iepakojum\u0101 &#8211; 20 loksnes<\/p>\n","protected":false},"excerpt":{"rendered":"<p>pa\u0161l\u012bm\u0113jo\u0161\u0101s eti\u0137etes (noapa\u013coti st\u016bri) l\u0101zerprinteriem un kop\u0113\u0161anas tehnikai pieska\u0146otas vispopul\u0101r\u0101kaj\u0101m datoru programm\u0101m A4 form\u0101ts iepakojum\u0101 &#8211; 20 loksnes<\/p>\n","protected":false},"featured_media":10789,"template":"","meta":{"inline_featured_image":false},"product_cat":[71,408],"product_tag":[],"class_list":{"0":"post-10788","1":"product","2":"type-product","3":"status-publish","4":"has-post-thumbnail","6":"product_cat-biroja-preces","7":"product_cat-paslimejosas-etiketes-un-uzlimes","9":"first","10":"outofstock","11":"purchasable","12":"product-type-simple","13":"add-to-wishlist-after_add_to_cart"},"_links":{"self":[{"href":"https:\/\/alkaline.lv\/en\/wp-json\/wp\/v2\/product\/10788"}],"collection":[{"href":"https:\/\/alkaline.lv\/en\/wp-json\/wp\/v2\/product"}],"about":[{"href":"https:\/\/alkaline.lv\/en\/wp-json\/wp\/v2\/types\/product"}],"wp:featuredmedia":[{"embeddable":true,"href":"https:\/\/alkaline.lv\/en\/wp-json\/wp\/v2\/media\/10789"}],"wp:attachment":[{"href":"https:\/\/alkaline.lv\/en\/wp-json\/wp\/v2\/media?parent=10788"}],"wp:term":[{"taxonomy":"product_cat","embeddable":true,"href":"https:\/\/alkaline.lv\/en\/wp-json\/wp\/v2\/product_cat?post=10788"},{"taxonomy":"product_tag","embeddable":true,"href":"https:\/\/alkaline.lv\/en\/wp-json\/wp\/v2\/product_tag?post=10788"}],"curies":[{"name":"wp","href":"https:\/\/api.w.org\/{rel}","templated":true}]}}