{"id":10910,"date":"2022-05-31T17:22:41","date_gmt":"2022-05-31T14:22:41","guid":{"rendered":"https:\/\/alkaline.lv\/products\/papira-bloks-abc-jums-a4-formats-50-lapas-liniju-bez-vaka\/"},"modified":"2023-07-18T11:12:18","modified_gmt":"2023-07-18T08:12:18","slug":"papira-bloks-abc-jums-a4-formats-50-lapas-liniju-bez-vaka","status":"publish","type":"product","link":"https:\/\/alkaline.lv\/en\/products\/papira-bloks-abc-jums-a4-formats-50-lapas-liniju-bez-vaka\/","title":{"rendered":"Rakst\u0101mpap\u012brs ABC JUMS, A4, l\u012bniju, 50 loksnes"},"content":{"rendered":"<p>A4 form\u0101ts, 50 lapas, l\u012bniju, bez v\u0101ka, ar caurumiem<\/p>\n","protected":false},"excerpt":{"rendered":"<p>A4 form\u0101ts, 50 lapas, l\u012bniju, bez v\u0101ka, ar caurumiem<\/p>\n","protected":false},"featured_media":10911,"template":"","meta":{"inline_featured_image":false},"product_cat":[1677],"product_tag":[],"class_list":{"0":"post-10910","1":"product","2":"type-product","3":"status-publish","4":"has-post-thumbnail","6":"product_cat-rakstampapirs-2","8":"first","9":"instock","10":"taxable","11":"shipping-taxable","12":"purchasable","13":"product-type-simple","14":"add-to-wishlist-after_add_to_cart"},"_links":{"self":[{"href":"https:\/\/alkaline.lv\/en\/wp-json\/wp\/v2\/product\/10910","targetHints":{"allow":["GET"]}}],"collection":[{"href":"https:\/\/alkaline.lv\/en\/wp-json\/wp\/v2\/product"}],"about":[{"href":"https:\/\/alkaline.lv\/en\/wp-json\/wp\/v2\/types\/product"}],"wp:featuredmedia":[{"embeddable":true,"href":"https:\/\/alkaline.lv\/en\/wp-json\/wp\/v2\/media\/10911"}],"wp:attachment":[{"href":"https:\/\/alkaline.lv\/en\/wp-json\/wp\/v2\/media?parent=10910"}],"wp:term":[{"taxonomy":"product_cat","embeddable":true,"href":"https:\/\/alkaline.lv\/en\/wp-json\/wp\/v2\/product_cat?post=10910"},{"taxonomy":"product_tag","embeddable":true,"href":"https:\/\/alkaline.lv\/en\/wp-json\/wp\/v2\/product_tag?post=10910"}],"curies":[{"name":"wp","href":"https:\/\/api.w.org\/{rel}","templated":true}]}}