{"id":10940,"date":"2022-05-31T17:23:03","date_gmt":"2022-05-31T14:23:03","guid":{"rendered":"https:\/\/alkaline.lv\/products\/piezimju-limlapinu-mini-kubs-post-it-ultra-51x51mm-spilgtas-krasas-400-lapinas\/"},"modified":"2024-04-16T15:07:57","modified_gmt":"2024-04-16T12:07:57","slug":"piezimju-limlapinu-mini-kubs-post-it-ultra-51x51mm-spilgtas-krasas-400-lapinas","status":"publish","type":"product","link":"https:\/\/alkaline.lv\/en\/products\/piezimju-limlapinu-mini-kubs-post-it-ultra-51x51mm-spilgtas-krasas-400-lapinas\/","title":{"rendered":"Piez\u012bmju l\u012bmlapi\u0146u MINI kubs POST-IT ULTRA 51x51mm, spilgtas kr\u0101sas, 400 lapi\u0146as"},"content":{"rendered":"<p>\u2022 Tiem, kas ikdien\u0101 raksta daudz zi\u0146ojumus un atg\u0101din\u0101jumus <br \/>\u2022 Piez\u012bmju lapi\u0146as<br \/>\nar l\u012bmvielu vien\u0101 mal\u0101 <br \/>\u2022 Piel\u012bm\u0113jamas vair\u0101kk\u0101rt <br \/>\u2022 Piel\u012bp stingri, neatst\u0101jot<br \/>\ntraipus p\u0113c no\u0146em\u0161anas <br \/>\u2022 Kub\u0101 400 lapi\u0146as asorti kr\u0101s\u0101s <br \/>\u2022 Iepakojum\u0101 45 gab.<\/p>\n","protected":false},"excerpt":{"rendered":"<p>\u2022 Tiem, kas ikdien\u0101 raksta daudz zi\u0146ojumus un atg\u0101din\u0101jumus \u2022 Piez\u012bmju lapi\u0146as ar l\u012bmvielu vien\u0101 mal\u0101 \u2022 Piel\u012bm\u0113jamas vair\u0101kk\u0101rt \u2022 Piel\u012bp stingri, neatst\u0101jot traipus p\u0113c no\u0146em\u0161anas \u2022 Kub\u0101 400 lapi\u0146as asorti kr\u0101s\u0101s \u2022 Iepakojum\u0101 45 gab.<\/p>\n","protected":false},"featured_media":10941,"template":"","meta":{"inline_featured_image":false},"product_cat":[71,421],"product_tag":[],"class_list":{"0":"post-10940","1":"product","2":"type-product","3":"status-publish","4":"has-post-thumbnail","6":"product_cat-biroja-preces","7":"product_cat-limlapinas-2","9":"first","10":"instock","11":"purchasable","12":"product-type-simple","13":"add-to-wishlist-after_add_to_cart"},"_links":{"self":[{"href":"https:\/\/alkaline.lv\/en\/wp-json\/wp\/v2\/product\/10940"}],"collection":[{"href":"https:\/\/alkaline.lv\/en\/wp-json\/wp\/v2\/product"}],"about":[{"href":"https:\/\/alkaline.lv\/en\/wp-json\/wp\/v2\/types\/product"}],"wp:featuredmedia":[{"embeddable":true,"href":"https:\/\/alkaline.lv\/en\/wp-json\/wp\/v2\/media\/10941"}],"wp:attachment":[{"href":"https:\/\/alkaline.lv\/en\/wp-json\/wp\/v2\/media?parent=10940"}],"wp:term":[{"taxonomy":"product_cat","embeddable":true,"href":"https:\/\/alkaline.lv\/en\/wp-json\/wp\/v2\/product_cat?post=10940"},{"taxonomy":"product_tag","embeddable":true,"href":"https:\/\/alkaline.lv\/en\/wp-json\/wp\/v2\/product_tag?post=10940"}],"curies":[{"name":"wp","href":"https:\/\/api.w.org\/{rel}","templated":true}]}}