{"id":10970,"date":"2022-05-31T17:23:23","date_gmt":"2022-05-31T14:23:23","guid":{"rendered":"https:\/\/alkaline.lv\/products\/pasliposie-indeksi-post-it-base-683-5ee-5-krasas-20-lapinas\/"},"modified":"2022-06-10T14:39:53","modified_gmt":"2022-06-10T11:39:53","slug":"pasliposie-indeksi-post-it-base-683-5ee-5-krasas-20-lapinas","status":"publish","type":"product","link":"https:\/\/alkaline.lv\/en\/products\/pasliposie-indeksi-post-it-base-683-5ee-5-krasas-20-lapinas\/","title":{"rendered":"Pa\u0161l\u012bpo\u0161ie indeksi POST-IT BASE  683-5EE 5 kr\u0101sas 20 lapi\u0146as"},"content":{"rendered":"<p>\u2022 5 kr\u0101sas <br \/>\u2022 katras kr\u0101sas pa 20 lapi\u0146\u0101m <br \/>\u2022 lapi\u0146u izm\u0113rs 12&#215;43 mm<\/p>\n","protected":false},"excerpt":{"rendered":"<p>\u2022 5 kr\u0101sas \u2022 katras kr\u0101sas pa 20 lapi\u0146\u0101m \u2022 lapi\u0146u izm\u0113rs 12&#215;43 mm<\/p>\n","protected":false},"featured_media":10971,"template":"","meta":{"inline_featured_image":false},"product_cat":[71,423],"product_tag":[],"class_list":{"0":"post-10970","1":"product","2":"type-product","3":"status-publish","4":"has-post-thumbnail","6":"product_cat-biroja-preces","7":"product_cat-indeksi","9":"first","10":"instock","11":"purchasable","12":"product-type-simple","13":"add-to-wishlist-after_add_to_cart"},"_links":{"self":[{"href":"https:\/\/alkaline.lv\/en\/wp-json\/wp\/v2\/product\/10970"}],"collection":[{"href":"https:\/\/alkaline.lv\/en\/wp-json\/wp\/v2\/product"}],"about":[{"href":"https:\/\/alkaline.lv\/en\/wp-json\/wp\/v2\/types\/product"}],"wp:featuredmedia":[{"embeddable":true,"href":"https:\/\/alkaline.lv\/en\/wp-json\/wp\/v2\/media\/10971"}],"wp:attachment":[{"href":"https:\/\/alkaline.lv\/en\/wp-json\/wp\/v2\/media?parent=10970"}],"wp:term":[{"taxonomy":"product_cat","embeddable":true,"href":"https:\/\/alkaline.lv\/en\/wp-json\/wp\/v2\/product_cat?post=10970"},{"taxonomy":"product_tag","embeddable":true,"href":"https:\/\/alkaline.lv\/en\/wp-json\/wp\/v2\/product_tag?post=10970"}],"curies":[{"name":"wp","href":"https:\/\/api.w.org\/{rel}","templated":true}]}}