{"id":11028,"date":"2022-05-31T17:23:41","date_gmt":"2022-05-31T14:23:41","guid":{"rendered":"https:\/\/alkaline.lv\/products\/uzlimes-izmers-40x25-mm-1000uzl-rulli-pusgalncets-papirs\/"},"modified":"2022-06-14T20:52:27","modified_gmt":"2022-06-14T17:52:27","slug":"uzlimes-izmers-40x25-mm-1000uzl-rulli-pusgalncets-papirs","status":"publish","type":"product","link":"https:\/\/alkaline.lv\/en\/products\/uzlimes-izmers-40x25-mm-1000uzl-rulli-pusgalncets-papirs\/","title":{"rendered":"Uzl\u012bmes, izm\u0113rs 40&#215;25 mm, 1000uzl.\/ru\u013c\u013c\u012b, pusgalnc\u0113ts pap\u012brs"},"content":{"rendered":"<p>\u2022 Termo uzl\u012bmes ru\u013c\u013cos<\/p>\n<p>\u2022 Iek\u0161\u0113jais ru\u013c\u013ca diametrs 40 mm<\/p>\n","protected":false},"excerpt":{"rendered":"<p>\u2022 Termo uzl\u012bmes ru\u013c\u013cos \u2022 Iek\u0161\u0113jais ru\u013c\u013ca diametrs 40 mm<\/p>\n","protected":false},"featured_media":11029,"template":"","meta":{"inline_featured_image":false},"product_cat":[405],"product_tag":[],"class_list":{"0":"post-11028","1":"product","2":"type-product","3":"status-publish","4":"has-post-thumbnail","6":"product_cat-kases-lentes","8":"first","9":"outofstock","10":"purchasable","11":"product-type-simple","12":"add-to-wishlist-after_add_to_cart"},"_links":{"self":[{"href":"https:\/\/alkaline.lv\/en\/wp-json\/wp\/v2\/product\/11028"}],"collection":[{"href":"https:\/\/alkaline.lv\/en\/wp-json\/wp\/v2\/product"}],"about":[{"href":"https:\/\/alkaline.lv\/en\/wp-json\/wp\/v2\/types\/product"}],"wp:featuredmedia":[{"embeddable":true,"href":"https:\/\/alkaline.lv\/en\/wp-json\/wp\/v2\/media\/11029"}],"wp:attachment":[{"href":"https:\/\/alkaline.lv\/en\/wp-json\/wp\/v2\/media?parent=11028"}],"wp:term":[{"taxonomy":"product_cat","embeddable":true,"href":"https:\/\/alkaline.lv\/en\/wp-json\/wp\/v2\/product_cat?post=11028"},{"taxonomy":"product_tag","embeddable":true,"href":"https:\/\/alkaline.lv\/en\/wp-json\/wp\/v2\/product_tag?post=11028"}],"curies":[{"name":"wp","href":"https:\/\/api.w.org\/{rel}","templated":true}]}}