{"id":11266,"date":"2022-05-31T17:25:28","date_gmt":"2022-05-31T14:25:28","guid":{"rendered":"https:\/\/alkaline.lv\/products\/uzlime-smeket-aizliegts-ar-vardiem-izmers-20x7-cm\/"},"modified":"2022-07-12T13:01:35","modified_gmt":"2022-07-12T10:01:35","slug":"uzlime-smeket-aizliegts-ar-vardiem-izmers-20x7-cm","status":"publish","type":"product","link":"https:\/\/alkaline.lv\/en\/products\/uzlime-smeket-aizliegts-ar-vardiem-izmers-20x7-cm\/","title":{"rendered":"Uzl\u012bme Sm\u0113\u0137\u0113t aizliegts, ar v\u0101rdiem, izm\u0113rs 20&#215;7 cm"},"content":{"rendered":"<p>\u2022 Uzl\u012bmes-z\u012bmes <br \/>\u2022 Izm\u0113rs: 20&#215;7 cm<\/p>\n","protected":false},"excerpt":{"rendered":"<p>\u2022 Uzl\u012bmes-z\u012bmes \u2022 Izm\u0113rs: 20&#215;7 cm<\/p>\n","protected":false},"featured_media":11267,"template":"","meta":{"inline_featured_image":false},"product_cat":[71,408],"product_tag":[],"class_list":{"0":"post-11266","1":"product","2":"type-product","3":"status-publish","4":"has-post-thumbnail","6":"product_cat-biroja-preces","7":"product_cat-paslimejosas-etiketes-un-uzlimes","9":"first","10":"instock","11":"purchasable","12":"product-type-simple","13":"add-to-wishlist-after_add_to_cart"},"_links":{"self":[{"href":"https:\/\/alkaline.lv\/en\/wp-json\/wp\/v2\/product\/11266"}],"collection":[{"href":"https:\/\/alkaline.lv\/en\/wp-json\/wp\/v2\/product"}],"about":[{"href":"https:\/\/alkaline.lv\/en\/wp-json\/wp\/v2\/types\/product"}],"wp:featuredmedia":[{"embeddable":true,"href":"https:\/\/alkaline.lv\/en\/wp-json\/wp\/v2\/media\/11267"}],"wp:attachment":[{"href":"https:\/\/alkaline.lv\/en\/wp-json\/wp\/v2\/media?parent=11266"}],"wp:term":[{"taxonomy":"product_cat","embeddable":true,"href":"https:\/\/alkaline.lv\/en\/wp-json\/wp\/v2\/product_cat?post=11266"},{"taxonomy":"product_tag","embeddable":true,"href":"https:\/\/alkaline.lv\/en\/wp-json\/wp\/v2\/product_tag?post=11266"}],"curies":[{"name":"wp","href":"https:\/\/api.w.org\/{rel}","templated":true}]}}