{"id":11338,"date":"2022-05-31T17:26:03","date_gmt":"2022-05-31T14:26:03","guid":{"rendered":"https:\/\/alkaline.lv\/products\/uzlime-ieksejais-transports-augstums-12-cm\/"},"modified":"2022-05-31T21:05:01","modified_gmt":"2022-05-31T18:05:01","slug":"uzlime-ieksejais-transports-augstums-12-cm","status":"publish","type":"product","link":"https:\/\/alkaline.lv\/en\/products\/uzlime-ieksejais-transports-augstums-12-cm\/","title":{"rendered":"Uzl\u012bme Iek\u0161\u0113jais transports, augstums 12 cm"},"content":{"rendered":"<p>\u2022 Uzl\u012bmes-z\u012bmes <br \/>\u2022 Augstums: 12 cm<\/p>\n","protected":false},"excerpt":{"rendered":"<p>\u2022 Uzl\u012bmes-z\u012bmes \u2022 Augstums: 12 cm<\/p>\n","protected":false},"featured_media":11339,"template":"","meta":{"inline_featured_image":false},"product_cat":[71,408],"product_tag":[],"class_list":{"0":"post-11338","1":"product","2":"type-product","3":"status-publish","4":"has-post-thumbnail","6":"product_cat-biroja-preces","7":"product_cat-paslimejosas-etiketes-un-uzlimes","9":"first","10":"instock","11":"purchasable","12":"product-type-simple","13":"add-to-wishlist-after_add_to_cart"},"_links":{"self":[{"href":"https:\/\/alkaline.lv\/en\/wp-json\/wp\/v2\/product\/11338"}],"collection":[{"href":"https:\/\/alkaline.lv\/en\/wp-json\/wp\/v2\/product"}],"about":[{"href":"https:\/\/alkaline.lv\/en\/wp-json\/wp\/v2\/types\/product"}],"wp:featuredmedia":[{"embeddable":true,"href":"https:\/\/alkaline.lv\/en\/wp-json\/wp\/v2\/media\/11339"}],"wp:attachment":[{"href":"https:\/\/alkaline.lv\/en\/wp-json\/wp\/v2\/media?parent=11338"}],"wp:term":[{"taxonomy":"product_cat","embeddable":true,"href":"https:\/\/alkaline.lv\/en\/wp-json\/wp\/v2\/product_cat?post=11338"},{"taxonomy":"product_tag","embeddable":true,"href":"https:\/\/alkaline.lv\/en\/wp-json\/wp\/v2\/product_tag?post=11338"}],"curies":[{"name":"wp","href":"https:\/\/api.w.org\/{rel}","templated":true}]}}