{"id":11352,"date":"2022-05-31T17:26:03","date_gmt":"2022-05-31T14:26:03","guid":{"rendered":"https:\/\/alkaline.lv\/products\/markesanas-pistolu-uzlimes-kvadratini-21-5x12-mm-5-gab-dzelteni\/"},"modified":"2022-05-31T17:26:08","modified_gmt":"2022-05-31T14:26:08","slug":"markesanas-pistolu-uzlimes-kvadratini-21-5x12-mm-5-gab-dzelteni","status":"publish","type":"product","link":"https:\/\/alkaline.lv\/en\/products\/markesanas-pistolu-uzlimes-kvadratini-21-5x12-mm-5-gab-dzelteni\/","title":{"rendered":"Mar\u0137\u0113\u0161anas pisto\u013cu uzl\u012bmes kvadr\u0101ti\u0146i 21.5&#215;12 mm, 5 gab., dzelteni"},"content":{"rendered":"<p>\u2022 Lente mar\u0137\u0113\u0161anas pistol\u0113m <br \/>\u2022 Vien\u0101 rull\u012b- 1000 eti\u0137e\u0161u <br \/>\u2022 Iepakojum\u0101- 5 gb<\/p>\n","protected":false},"excerpt":{"rendered":"<p>\u2022 Lente mar\u0137\u0113\u0161anas pistol\u0113m \u2022 Vien\u0101 rull\u012b- 1000 eti\u0137e\u0161u \u2022 Iepakojum\u0101- 5 gb<\/p>\n","protected":false},"featured_media":11353,"template":"","meta":{"inline_featured_image":false},"product_cat":[71,408],"product_tag":[],"class_list":{"0":"post-11352","1":"product","2":"type-product","3":"status-publish","4":"has-post-thumbnail","6":"product_cat-biroja-preces","7":"product_cat-paslimejosas-etiketes-un-uzlimes","9":"first","10":"outofstock","11":"purchasable","12":"product-type-simple","13":"add-to-wishlist-after_add_to_cart"},"_links":{"self":[{"href":"https:\/\/alkaline.lv\/en\/wp-json\/wp\/v2\/product\/11352"}],"collection":[{"href":"https:\/\/alkaline.lv\/en\/wp-json\/wp\/v2\/product"}],"about":[{"href":"https:\/\/alkaline.lv\/en\/wp-json\/wp\/v2\/types\/product"}],"wp:featuredmedia":[{"embeddable":true,"href":"https:\/\/alkaline.lv\/en\/wp-json\/wp\/v2\/media\/11353"}],"wp:attachment":[{"href":"https:\/\/alkaline.lv\/en\/wp-json\/wp\/v2\/media?parent=11352"}],"wp:term":[{"taxonomy":"product_cat","embeddable":true,"href":"https:\/\/alkaline.lv\/en\/wp-json\/wp\/v2\/product_cat?post=11352"},{"taxonomy":"product_tag","embeddable":true,"href":"https:\/\/alkaline.lv\/en\/wp-json\/wp\/v2\/product_tag?post=11352"}],"curies":[{"name":"wp","href":"https:\/\/api.w.org\/{rel}","templated":true}]}}