{"id":11400,"date":"2022-05-31T17:26:18","date_gmt":"2022-05-31T14:26:18","guid":{"rendered":"https:\/\/alkaline.lv\/products\/kases-lente-technoinform-ar-izmeru-80mm-x-70mm-x-12mm-63m-termo-10-gab-iepakojuma-100-07602\/"},"modified":"2022-06-14T20:43:14","modified_gmt":"2022-06-14T17:43:14","slug":"kases-lente-technoinform-ar-izmeru-80mm-x-70mm-x-12mm-63m-termo-10-gab-iepakojuma-100-07602","status":"publish","type":"product","link":"https:\/\/alkaline.lv\/en\/products\/kases-lente-technoinform-ar-izmeru-80mm-x-70mm-x-12mm-63m-termo-10-gab-iepakojuma-100-07602\/","title":{"rendered":"Kases lente TECHNOINFORM ar izm\u0113ru 80mm x 70mm x 12mm 63m, termo, 10 gab\/iepakojum\u0101 (100-07602)"},"content":{"rendered":"<p>\u2022 Izgatavota no balta 100% celulozes pap\u012bra<br \/>\n\u2022 80 mm &#8211; platums, 63 m &#8211; lentes garums, 70 mm &#8211; maks.diametrs<br \/>\n\u2022 iek\u0161\u0113jais ru\u013c\u013ca diametrs 12 mm<br \/>\n\u2022 termopap\u012brs<\/p>\n","protected":false},"excerpt":{"rendered":"<p>\u2022 Izgatavota no balta 100% celulozes pap\u012bra \u2022 80 mm &#8211; platums, 63 m &#8211; lentes garums, 70 mm &#8211; maks.diametrs \u2022 iek\u0161\u0113jais ru\u013c\u013ca diametrs 12 mm \u2022 termopap\u012brs<\/p>\n","protected":false},"featured_media":11401,"template":"","meta":{"inline_featured_image":false},"product_cat":[405],"product_tag":[],"class_list":{"0":"post-11400","1":"product","2":"type-product","3":"status-publish","4":"has-post-thumbnail","6":"product_cat-kases-lentes","8":"first","9":"outofstock","10":"purchasable","11":"product-type-simple","12":"add-to-wishlist-after_add_to_cart"},"_links":{"self":[{"href":"https:\/\/alkaline.lv\/en\/wp-json\/wp\/v2\/product\/11400"}],"collection":[{"href":"https:\/\/alkaline.lv\/en\/wp-json\/wp\/v2\/product"}],"about":[{"href":"https:\/\/alkaline.lv\/en\/wp-json\/wp\/v2\/types\/product"}],"wp:featuredmedia":[{"embeddable":true,"href":"https:\/\/alkaline.lv\/en\/wp-json\/wp\/v2\/media\/11401"}],"wp:attachment":[{"href":"https:\/\/alkaline.lv\/en\/wp-json\/wp\/v2\/media?parent=11400"}],"wp:term":[{"taxonomy":"product_cat","embeddable":true,"href":"https:\/\/alkaline.lv\/en\/wp-json\/wp\/v2\/product_cat?post=11400"},{"taxonomy":"product_tag","embeddable":true,"href":"https:\/\/alkaline.lv\/en\/wp-json\/wp\/v2\/product_tag?post=11400"}],"curies":[{"name":"wp","href":"https:\/\/api.w.org\/{rel}","templated":true}]}}