{"id":11408,"date":"2022-05-31T17:26:18","date_gmt":"2022-05-31T14:26:18","guid":{"rendered":"https:\/\/alkaline.lv\/products\/kases-lente-technoinform-ar-izmeru-57mm-x-16m-divslanu-sc-sc-max-diam-55-mm-10-gab-iepakojuma-100-00317\/"},"modified":"2022-06-14T20:44:26","modified_gmt":"2022-06-14T17:44:26","slug":"kases-lente-technoinform-ar-izmeru-57mm-x-16m-divslanu-sc-sc-max-diam-55-mm-10-gab-iepakojuma-100-00317","status":"publish","type":"product","link":"https:\/\/alkaline.lv\/en\/products\/kases-lente-technoinform-ar-izmeru-57mm-x-16m-divslanu-sc-sc-max-diam-55-mm-10-gab-iepakojuma-100-00317\/","title":{"rendered":"Kases lente TECHNOINFORM ar izm\u0113ru 57mm x 16m divsl\u0101\u0146u (SC\/SC) (max.diam. 55 mm), 10 gab\/iepakojum\u0101 (100-00317)"},"content":{"rendered":"<p>\u2022 Divsl\u0101\u0146u abpus\u0113ji kop\u0113jo\u0161\u0101 lente produkcija izgatavota no balta 100% celulozes pap\u012bra<br \/>\n\u2022 Svars 46-48 g\/m\u00b2<\/p>\n","protected":false},"excerpt":{"rendered":"<p>\u2022 Divsl\u0101\u0146u abpus\u0113ji kop\u0113jo\u0161\u0101 lente produkcija izgatavota no balta 100% celulozes pap\u012bra \u2022 Svars 46-48 g\/m\u00b2<\/p>\n","protected":false},"featured_media":11409,"template":"","meta":{"inline_featured_image":false},"product_cat":[405],"product_tag":[],"class_list":{"0":"post-11408","1":"product","2":"type-product","3":"status-publish","4":"has-post-thumbnail","6":"product_cat-kases-lentes","8":"first","9":"outofstock","10":"purchasable","11":"product-type-simple","12":"add-to-wishlist-after_add_to_cart"},"_links":{"self":[{"href":"https:\/\/alkaline.lv\/en\/wp-json\/wp\/v2\/product\/11408"}],"collection":[{"href":"https:\/\/alkaline.lv\/en\/wp-json\/wp\/v2\/product"}],"about":[{"href":"https:\/\/alkaline.lv\/en\/wp-json\/wp\/v2\/types\/product"}],"wp:featuredmedia":[{"embeddable":true,"href":"https:\/\/alkaline.lv\/en\/wp-json\/wp\/v2\/media\/11409"}],"wp:attachment":[{"href":"https:\/\/alkaline.lv\/en\/wp-json\/wp\/v2\/media?parent=11408"}],"wp:term":[{"taxonomy":"product_cat","embeddable":true,"href":"https:\/\/alkaline.lv\/en\/wp-json\/wp\/v2\/product_cat?post=11408"},{"taxonomy":"product_tag","embeddable":true,"href":"https:\/\/alkaline.lv\/en\/wp-json\/wp\/v2\/product_tag?post=11408"}],"curies":[{"name":"wp","href":"https:\/\/api.w.org\/{rel}","templated":true}]}}