{"id":11420,"date":"2022-05-31T17:26:35","date_gmt":"2022-05-31T14:26:35","guid":{"rendered":"https:\/\/alkaline.lv\/products\/piezimju-limlapinas-post-it-super-sticky-200x149mm-asorti-krasas-4-gab-iepak\/"},"modified":"2022-05-31T17:26:35","modified_gmt":"2022-05-31T14:26:35","slug":"piezimju-limlapinas-post-it-super-sticky-200x149mm-asorti-krasas-4-gab-iepak","status":"publish","type":"product","link":"https:\/\/alkaline.lv\/en\/products\/piezimju-limlapinas-post-it-super-sticky-200x149mm-asorti-krasas-4-gab-iepak\/","title":{"rendered":"Piez\u012bmju l\u012bmlapi\u0146as POST-IT SUPER STICKY 200x149mm, asorti kr\u0101s\u0101s, 4 gab.\/iepak."},"content":{"rendered":"<p>\u2022Apm\u0101c\u012bbu un san\u0101ksmju laik\u0101 sniegt\u0101s inform\u0101cijas vizualiz\u0113\u0161anai: sh\u0113mu veido\u0161anai uz telpu sien\u0101m, durv\u012bm u.c.<br \/>\u2022Visiem labi p\u0101rredzam\u0101s viet\u0101s<br \/>\u2022 SUPER STICKY  &#8211; Mali\u0146a p\u0101rkl\u0101ta ar \u012bpa\u0161i stipru l\u012bmi, var dro\u0161i l\u012bm\u0113t uz stikla, plastmasas.<br \/>\u2022Spilgt\u0101s neona kr\u0101s\u0101s (za\u013ca, dzeltena, oran\u017ea un roz\u0101) <br \/>\u2022 4 bloci\u0146i, katr\u0101 45 lapi\u0146\u0101s<\/p>\n","protected":false},"excerpt":{"rendered":"<p>\u2022Apm\u0101c\u012bbu un san\u0101ksmju laik\u0101 sniegt\u0101s inform\u0101cijas vizualiz\u0113\u0161anai: sh\u0113mu veido\u0161anai uz telpu sien\u0101m, durv\u012bm u.c.\u2022Visiem labi p\u0101rredzam\u0101s viet\u0101s\u2022 SUPER STICKY &#8211; Mali\u0146a p\u0101rkl\u0101ta ar \u012bpa\u0161i stipru l\u012bmi, var dro\u0161i l\u012bm\u0113t uz stikla, plastmasas.\u2022Spilgt\u0101s neona kr\u0101s\u0101s (za\u013ca, dzeltena, oran\u017ea un roz\u0101) \u2022 4 bloci\u0146i, katr\u0101 45 lapi\u0146\u0101s<\/p>\n","protected":false},"featured_media":11421,"template":"","meta":{"inline_featured_image":false},"product_cat":[71,421],"product_tag":[],"class_list":{"0":"post-11420","1":"product","2":"type-product","3":"status-publish","4":"has-post-thumbnail","6":"product_cat-biroja-preces","7":"product_cat-limlapinas-2","9":"first","10":"outofstock","11":"purchasable","12":"product-type-simple","13":"add-to-wishlist-after_add_to_cart"},"_links":{"self":[{"href":"https:\/\/alkaline.lv\/en\/wp-json\/wp\/v2\/product\/11420"}],"collection":[{"href":"https:\/\/alkaline.lv\/en\/wp-json\/wp\/v2\/product"}],"about":[{"href":"https:\/\/alkaline.lv\/en\/wp-json\/wp\/v2\/types\/product"}],"wp:featuredmedia":[{"embeddable":true,"href":"https:\/\/alkaline.lv\/en\/wp-json\/wp\/v2\/media\/11421"}],"wp:attachment":[{"href":"https:\/\/alkaline.lv\/en\/wp-json\/wp\/v2\/media?parent=11420"}],"wp:term":[{"taxonomy":"product_cat","embeddable":true,"href":"https:\/\/alkaline.lv\/en\/wp-json\/wp\/v2\/product_cat?post=11420"},{"taxonomy":"product_tag","embeddable":true,"href":"https:\/\/alkaline.lv\/en\/wp-json\/wp\/v2\/product_tag?post=11420"}],"curies":[{"name":"wp","href":"https:\/\/api.w.org\/{rel}","templated":true}]}}