{"id":11433,"date":"2022-05-31T17:26:35","date_gmt":"2022-05-31T14:26:35","guid":{"rendered":"https:\/\/alkaline.lv\/products\/piezimju-limlapinas-tartan-ar-izmeru-38x51mm-dzeltenas-12-gab-iepak\/"},"modified":"2022-05-31T17:26:40","modified_gmt":"2022-05-31T14:26:40","slug":"piezimju-limlapinas-tartan-ar-izmeru-38x51mm-dzeltenas-12-gab-iepak","status":"publish","type":"product","link":"https:\/\/alkaline.lv\/en\/products\/piezimju-limlapinas-tartan-ar-izmeru-38x51mm-dzeltenas-12-gab-iepak\/","title":{"rendered":"Piez\u012bmju l\u012bmlapi\u0146as TARTAN ar izm\u0113ru 38x51mm, dzeltenas, 12 gab.\/iepak."},"content":{"rendered":"<p>\u2022Iepakojum\u0101 12 bloci\u0146i, katr\u0101 100 lapi\u0146as; ra\u017eot\u0101ja preces kods 3MT653T<\/p>\n","protected":false},"excerpt":{"rendered":"<p>\u2022Iepakojum\u0101 12 bloci\u0146i, katr\u0101 100 lapi\u0146as; ra\u017eot\u0101ja preces kods 3MT653T<\/p>\n","protected":false},"featured_media":11434,"template":"","meta":{"inline_featured_image":false},"product_cat":[71,421],"product_tag":[],"class_list":{"0":"post-11433","1":"product","2":"type-product","3":"status-publish","4":"has-post-thumbnail","6":"product_cat-biroja-preces","7":"product_cat-limlapinas-2","9":"first","10":"outofstock","11":"purchasable","12":"product-type-simple","13":"add-to-wishlist-after_add_to_cart"},"_links":{"self":[{"href":"https:\/\/alkaline.lv\/en\/wp-json\/wp\/v2\/product\/11433"}],"collection":[{"href":"https:\/\/alkaline.lv\/en\/wp-json\/wp\/v2\/product"}],"about":[{"href":"https:\/\/alkaline.lv\/en\/wp-json\/wp\/v2\/types\/product"}],"wp:featuredmedia":[{"embeddable":true,"href":"https:\/\/alkaline.lv\/en\/wp-json\/wp\/v2\/media\/11434"}],"wp:attachment":[{"href":"https:\/\/alkaline.lv\/en\/wp-json\/wp\/v2\/media?parent=11433"}],"wp:term":[{"taxonomy":"product_cat","embeddable":true,"href":"https:\/\/alkaline.lv\/en\/wp-json\/wp\/v2\/product_cat?post=11433"},{"taxonomy":"product_tag","embeddable":true,"href":"https:\/\/alkaline.lv\/en\/wp-json\/wp\/v2\/product_tag?post=11433"}],"curies":[{"name":"wp","href":"https:\/\/api.w.org\/{rel}","templated":true}]}}