{"id":11435,"date":"2022-05-31T17:26:35","date_gmt":"2022-05-31T14:26:35","guid":{"rendered":"https:\/\/alkaline.lv\/products\/piezimju-limlapinas-post-it-z-notes-ar-izmeru-76x76mm-dzeltenas-6-gab-iepak\/"},"modified":"2022-05-31T17:26:41","modified_gmt":"2022-05-31T14:26:41","slug":"piezimju-limlapinas-post-it-z-notes-ar-izmeru-76x76mm-dzeltenas-6-gab-iepak","status":"publish","type":"product","link":"https:\/\/alkaline.lv\/en\/products\/piezimju-limlapinas-post-it-z-notes-ar-izmeru-76x76mm-dzeltenas-6-gab-iepak\/","title":{"rendered":"Piez\u012bmju l\u012bmlapi\u0146as POST-IT Z-Notes ar izm\u0113ru 76x76mm, dzeltenas, 6 gab.\/iepak."},"content":{"rendered":"<p>\u2022Post-it ekolo\u0123isk\u0101s l\u012bmlapi\u0146as ir videi draudz\u012bgas, to ra\u017eo\u0161anai izmanto otrreiz p\u0101rstr\u0101d\u0101tu pap\u012bru.<br \/>\u2022T\u0101pat k\u0101 p\u0113r\u0113j\u0101s Post-it l\u012bmlapi\u0146as, t\u0101s ir viegli atdal\u0101mas no bloci\u0146a, vair\u0101kk\u0101rt p\u0101rl\u012bm\u0113jamas un no\u0146emot neboj\u0101 virsmu.<br \/>\u2022 Kast\u012bt\u0113 6 bloci\u0146i Bloci\u0146\u0101: 100 lapi\u0146as, dzeltenas<\/p>\n","protected":false},"excerpt":{"rendered":"<p>\u2022Post-it ekolo\u0123isk\u0101s l\u012bmlapi\u0146as ir videi draudz\u012bgas, to ra\u017eo\u0161anai izmanto otrreiz p\u0101rstr\u0101d\u0101tu pap\u012bru.\u2022T\u0101pat k\u0101 p\u0113r\u0113j\u0101s Post-it l\u012bmlapi\u0146as, t\u0101s ir viegli atdal\u0101mas no bloci\u0146a, vair\u0101kk\u0101rt p\u0101rl\u012bm\u0113jamas un no\u0146emot neboj\u0101 virsmu.\u2022 Kast\u012bt\u0113 6 bloci\u0146i Bloci\u0146\u0101: 100 lapi\u0146as, dzeltenas<\/p>\n","protected":false},"featured_media":11436,"template":"","meta":{"inline_featured_image":false},"product_cat":[71,421],"product_tag":[],"class_list":{"0":"post-11435","1":"product","2":"type-product","3":"status-publish","4":"has-post-thumbnail","6":"product_cat-biroja-preces","7":"product_cat-limlapinas-2","9":"first","10":"outofstock","11":"purchasable","12":"product-type-simple","13":"add-to-wishlist-after_add_to_cart"},"_links":{"self":[{"href":"https:\/\/alkaline.lv\/en\/wp-json\/wp\/v2\/product\/11435"}],"collection":[{"href":"https:\/\/alkaline.lv\/en\/wp-json\/wp\/v2\/product"}],"about":[{"href":"https:\/\/alkaline.lv\/en\/wp-json\/wp\/v2\/types\/product"}],"wp:featuredmedia":[{"embeddable":true,"href":"https:\/\/alkaline.lv\/en\/wp-json\/wp\/v2\/media\/11436"}],"wp:attachment":[{"href":"https:\/\/alkaline.lv\/en\/wp-json\/wp\/v2\/media?parent=11435"}],"wp:term":[{"taxonomy":"product_cat","embeddable":true,"href":"https:\/\/alkaline.lv\/en\/wp-json\/wp\/v2\/product_cat?post=11435"},{"taxonomy":"product_tag","embeddable":true,"href":"https:\/\/alkaline.lv\/en\/wp-json\/wp\/v2\/product_tag?post=11435"}],"curies":[{"name":"wp","href":"https:\/\/api.w.org\/{rel}","templated":true}]}}