{"id":11439,"date":"2022-05-31T17:26:35","date_gmt":"2022-05-31T14:26:35","guid":{"rendered":"https:\/\/alkaline.lv\/products\/piezimju-limlapinas-post-it-energetic-76x76-mm-6-gab-iepak\/"},"modified":"2022-12-04T00:06:33","modified_gmt":"2022-12-03T22:06:33","slug":"piezimju-limlapinas-post-it-energetic-76x76-mm-6-gab-iepak","status":"publish","type":"product","link":"https:\/\/alkaline.lv\/en\/products\/piezimju-limlapinas-post-it-energetic-76x76-mm-6-gab-iepak\/","title":{"rendered":"L\u012bmlapi\u0146as POST-IT Energetic, 76&#215;76 mm, 6x100l., asorti kr\u0101s\u0101s"},"content":{"rendered":"<p>Piez\u012bmju lapi\u0146as ar l\u012bmvielu vien\u0101 mal\u0101<br \/>\nPiel\u012bm\u0113jamas vair\u0101kk\u0101rt<br \/>\nPiel\u012bp stingri, neatst\u0101jot traipus p\u0113c no\u0146em\u0161anas<br \/>\nBloci\u0146\u0101 100 lapi\u0146as<br \/>\nPEFC sertific\u0113ts pap\u012brs<\/p>\n","protected":false},"excerpt":{"rendered":"<p>Piez\u012bmju lapi\u0146as ar l\u012bmvielu vien\u0101 mal\u0101 Piel\u012bm\u0113jamas vair\u0101kk\u0101rt Piel\u012bp stingri, neatst\u0101jot traipus p\u0113c no\u0146em\u0161anas Bloci\u0146\u0101 100 lapi\u0146as PEFC sertific\u0113ts pap\u012brs<\/p>\n","protected":false},"featured_media":11440,"template":"","meta":{"inline_featured_image":false},"product_cat":[421],"product_tag":[],"class_list":{"0":"post-11439","1":"product","2":"type-product","3":"status-publish","4":"has-post-thumbnail","6":"product_cat-limlapinas-2","8":"first","9":"instock","10":"taxable","11":"shipping-taxable","12":"purchasable","13":"product-type-simple","14":"add-to-wishlist-after_add_to_cart"},"_links":{"self":[{"href":"https:\/\/alkaline.lv\/en\/wp-json\/wp\/v2\/product\/11439"}],"collection":[{"href":"https:\/\/alkaline.lv\/en\/wp-json\/wp\/v2\/product"}],"about":[{"href":"https:\/\/alkaline.lv\/en\/wp-json\/wp\/v2\/types\/product"}],"wp:featuredmedia":[{"embeddable":true,"href":"https:\/\/alkaline.lv\/en\/wp-json\/wp\/v2\/media\/11440"}],"wp:attachment":[{"href":"https:\/\/alkaline.lv\/en\/wp-json\/wp\/v2\/media?parent=11439"}],"wp:term":[{"taxonomy":"product_cat","embeddable":true,"href":"https:\/\/alkaline.lv\/en\/wp-json\/wp\/v2\/product_cat?post=11439"},{"taxonomy":"product_tag","embeddable":true,"href":"https:\/\/alkaline.lv\/en\/wp-json\/wp\/v2\/product_tag?post=11439"}],"curies":[{"name":"wp","href":"https:\/\/api.w.org\/{rel}","templated":true}]}}