{"id":11453,"date":"2022-05-31T17:26:35","date_gmt":"2022-05-31T14:26:35","guid":{"rendered":"https:\/\/alkaline.lv\/products\/piezimju-limlapinas-post-it-super-sticky-76-x-76-mm-kanarijdzeltenas-6-gab-iepak\/"},"modified":"2022-05-31T17:26:47","modified_gmt":"2022-05-31T14:26:47","slug":"piezimju-limlapinas-post-it-super-sticky-76-x-76-mm-kanarijdzeltenas-6-gab-iepak","status":"publish","type":"product","link":"https:\/\/alkaline.lv\/en\/products\/piezimju-limlapinas-post-it-super-sticky-76-x-76-mm-kanarijdzeltenas-6-gab-iepak\/","title":{"rendered":"Piez\u012bmju l\u012bmlapi\u0146as POST-IT Super Sticky 76 x 76 mm, kan\u0101rijdzeltenas, 6 gab.\/iepak."},"content":{"rendered":"<p>\u2022 Piel\u012bm\u0113jamas praktiski pie jebkuras virsmas <br \/>\u2022 Super Sticky  &#8211; Ar super-lip\u012bgu l\u012bmvielu, kas<br \/>\npiem\u0113rota zi\u0146ojumu piestiprin\u0101\u0161anai pie horizont\u0101l\u0101m vai vertik\u0101l\u0101m met\u0101la, stikla, koka u.c. materi\u0101lu virsm\u0101m <br \/>\u2022 Vair\u0101kk\u0101rt p\u0101rl\u012bm\u0113jamas<\/p>\n","protected":false},"excerpt":{"rendered":"<p>\u2022 Piel\u012bm\u0113jamas praktiski pie jebkuras virsmas \u2022 Super Sticky &#8211; Ar super-lip\u012bgu l\u012bmvielu, kas piem\u0113rota zi\u0146ojumu piestiprin\u0101\u0161anai pie horizont\u0101l\u0101m vai vertik\u0101l\u0101m met\u0101la, stikla, koka u.c. materi\u0101lu virsm\u0101m \u2022 Vair\u0101kk\u0101rt p\u0101rl\u012bm\u0113jamas<\/p>\n","protected":false},"featured_media":11454,"template":"","meta":{"inline_featured_image":false},"product_cat":[71,421],"product_tag":[],"class_list":{"0":"post-11453","1":"product","2":"type-product","3":"status-publish","4":"has-post-thumbnail","6":"product_cat-biroja-preces","7":"product_cat-limlapinas-2","9":"first","10":"outofstock","11":"purchasable","12":"product-type-simple","13":"add-to-wishlist-after_add_to_cart"},"_links":{"self":[{"href":"https:\/\/alkaline.lv\/en\/wp-json\/wp\/v2\/product\/11453"}],"collection":[{"href":"https:\/\/alkaline.lv\/en\/wp-json\/wp\/v2\/product"}],"about":[{"href":"https:\/\/alkaline.lv\/en\/wp-json\/wp\/v2\/types\/product"}],"wp:featuredmedia":[{"embeddable":true,"href":"https:\/\/alkaline.lv\/en\/wp-json\/wp\/v2\/media\/11454"}],"wp:attachment":[{"href":"https:\/\/alkaline.lv\/en\/wp-json\/wp\/v2\/media?parent=11453"}],"wp:term":[{"taxonomy":"product_cat","embeddable":true,"href":"https:\/\/alkaline.lv\/en\/wp-json\/wp\/v2\/product_cat?post=11453"},{"taxonomy":"product_tag","embeddable":true,"href":"https:\/\/alkaline.lv\/en\/wp-json\/wp\/v2\/product_tag?post=11453"}],"curies":[{"name":"wp","href":"https:\/\/api.w.org\/{rel}","templated":true}]}}