{"id":11652,"date":"2022-05-31T17:28:01","date_gmt":"2022-05-31T14:28:01","guid":{"rendered":"https:\/\/alkaline.lv\/products\/papirs-rulli-914-mm-x-50-m-80-g-m2\/"},"modified":"2022-07-12T13:02:15","modified_gmt":"2022-07-12T10:02:15","slug":"papirs-rulli-914-mm-x-50-m-80-g-m2","status":"publish","type":"product","link":"https:\/\/alkaline.lv\/en\/products\/papirs-rulli-914-mm-x-50-m-80-g-m2\/","title":{"rendered":"Pap\u012brs rull\u012b, 914 mm x 50 m, 80 g\/m2"},"content":{"rendered":"<p> \u2022 Pap\u012brs bez p\u0101rkl\u0101juma ru\u013c\u013cos <br \/> \u2022 Piem\u0113rots pla\u0161a form\u0101ta tintes printeriem <br \/> \u2022 Platums: 914 mm <br \/> \u2022 Garums: 50 m <br \/> \u2022 80 g \/ m\u00b2 <br \/> \u2022 Serdenis 50 mm <br \/> \u2022 FSC sertific\u0113ts <br \/> \u2022 Balts<\/p>\n","protected":false},"excerpt":{"rendered":"<p>\u2022 Pap\u012brs bez p\u0101rkl\u0101juma ru\u013c\u013cos \u2022 Piem\u0113rots pla\u0161a form\u0101ta tintes printeriem \u2022 Platums: 914 mm \u2022 Garums: 50 m \u2022 80 g \/ m\u00b2 \u2022 Serdenis 50 mm \u2022 FSC sertific\u0113ts \u2022 Balts<\/p>\n","protected":false},"featured_media":11653,"template":"","meta":{"inline_featured_image":false},"product_cat":[71,383],"product_tag":[],"class_list":{"0":"post-11652","1":"product","2":"type-product","3":"status-publish","4":"has-post-thumbnail","6":"product_cat-biroja-preces","7":"product_cat-rullu-papirs","9":"first","10":"instock","11":"purchasable","12":"product-type-simple","13":"add-to-wishlist-after_add_to_cart"},"_links":{"self":[{"href":"https:\/\/alkaline.lv\/en\/wp-json\/wp\/v2\/product\/11652"}],"collection":[{"href":"https:\/\/alkaline.lv\/en\/wp-json\/wp\/v2\/product"}],"about":[{"href":"https:\/\/alkaline.lv\/en\/wp-json\/wp\/v2\/types\/product"}],"wp:featuredmedia":[{"embeddable":true,"href":"https:\/\/alkaline.lv\/en\/wp-json\/wp\/v2\/media\/11653"}],"wp:attachment":[{"href":"https:\/\/alkaline.lv\/en\/wp-json\/wp\/v2\/media?parent=11652"}],"wp:term":[{"taxonomy":"product_cat","embeddable":true,"href":"https:\/\/alkaline.lv\/en\/wp-json\/wp\/v2\/product_cat?post=11652"},{"taxonomy":"product_tag","embeddable":true,"href":"https:\/\/alkaline.lv\/en\/wp-json\/wp\/v2\/product_tag?post=11652"}],"curies":[{"name":"wp","href":"https:\/\/api.w.org\/{rel}","templated":true}]}}