{"id":11762,"date":"2022-05-31T17:28:48","date_gmt":"2022-05-31T14:28:48","guid":{"rendered":"https:\/\/alkaline.lv\/products\/piezimju-papirs-abc-jums-85-x-85-mm-balts-800-lapas-limets\/"},"modified":"2022-06-08T15:25:24","modified_gmt":"2022-06-08T12:25:24","slug":"piezimju-papirs-abc-jums-85-x-85-mm-balts-800-lapas-limets","status":"publish","type":"product","link":"https:\/\/alkaline.lv\/en\/products\/piezimju-papirs-abc-jums-85-x-85-mm-balts-800-lapas-limets\/","title":{"rendered":"Piez\u012bmju pap\u012brs ABC Jums, 85 x 85 mm, balts, 800 lapas, l\u012bm\u0113ts"},"content":{"rendered":"<p>Piez\u012bmju pap\u012brs ar l\u012bm\u0113t\u0101m balt\u0101m loksn\u0113m, bez kastes, 85 x 85 mm, papildin\u0101\u0161anai, paredz\u0113ts ievietot kast\u0113, 800 gab.\/iepak.; ra\u017eot\u0101ja preces kods 1245<\/p>\n","protected":false},"excerpt":{"rendered":"<p>Piez\u012bmju pap\u012brs ar l\u012bm\u0113t\u0101m balt\u0101m loksn\u0113m, bez kastes, 85 x 85 mm, papildin\u0101\u0161anai, paredz\u0113ts ievietot kast\u0113, 800 gab.\/iepak.; ra\u017eot\u0101ja preces kods 1245<\/p>\n","protected":false},"featured_media":0,"template":"","meta":{"inline_featured_image":false},"product_cat":[71,415,414],"product_tag":[],"class_list":{"0":"post-11762","1":"product","2":"type-product","3":"status-publish","5":"product_cat-biroja-preces","6":"product_cat-burtnicas-un-bloknoti","7":"product_cat-rakstampapirs","9":"first","10":"outofstock","11":"purchasable","12":"product-type-simple","13":"add-to-wishlist-after_add_to_cart"},"_links":{"self":[{"href":"https:\/\/alkaline.lv\/en\/wp-json\/wp\/v2\/product\/11762","targetHints":{"allow":["GET"]}}],"collection":[{"href":"https:\/\/alkaline.lv\/en\/wp-json\/wp\/v2\/product"}],"about":[{"href":"https:\/\/alkaline.lv\/en\/wp-json\/wp\/v2\/types\/product"}],"wp:attachment":[{"href":"https:\/\/alkaline.lv\/en\/wp-json\/wp\/v2\/media?parent=11762"}],"wp:term":[{"taxonomy":"product_cat","embeddable":true,"href":"https:\/\/alkaline.lv\/en\/wp-json\/wp\/v2\/product_cat?post=11762"},{"taxonomy":"product_tag","embeddable":true,"href":"https:\/\/alkaline.lv\/en\/wp-json\/wp\/v2\/product_tag?post=11762"}],"curies":[{"name":"wp","href":"https:\/\/api.w.org\/{rel}","templated":true}]}}