{"id":11763,"date":"2022-05-31T17:28:48","date_gmt":"2022-05-31T14:28:48","guid":{"rendered":"https:\/\/alkaline.lv\/products\/pasliposie-indeksi-centrum44-x-8-mm-bultveida-5-neona-krasas-x-20-lapas\/"},"modified":"2022-07-12T13:02:03","modified_gmt":"2022-07-12T10:02:03","slug":"pasliposie-indeksi-centrum44-x-8-mm-bultveida-5-neona-krasas-x-20-lapas","status":"publish","type":"product","link":"https:\/\/alkaline.lv\/en\/products\/pasliposie-indeksi-centrum44-x-8-mm-bultveida-5-neona-krasas-x-20-lapas\/","title":{"rendered":"Pa\u0161lipo\u0161ie indeksi Centrum,44 x 8 mm, bultveida, 5 neona kr\u0101sas x 20 lapas"},"content":{"rendered":"<p>Plastmasas indeksi, 44mm x 8 mm, bulti\u0146as formas, viegli no\u0146emami, caursp\u012bd\u012bgi. Ra\u017eot\u0101ja preces kods 83506<\/p>\n","protected":false},"excerpt":{"rendered":"<p>Plastmasas indeksi, 44mm x 8 mm, bulti\u0146as formas, viegli no\u0146emami, caursp\u012bd\u012bgi. Ra\u017eot\u0101ja preces kods 83506<\/p>\n","protected":false},"featured_media":11764,"template":"","meta":{"inline_featured_image":false},"product_cat":[71,423],"product_tag":[],"class_list":{"0":"post-11763","1":"product","2":"type-product","3":"status-publish","4":"has-post-thumbnail","6":"product_cat-biroja-preces","7":"product_cat-indeksi","9":"first","10":"instock","11":"purchasable","12":"product-type-simple","13":"add-to-wishlist-after_add_to_cart"},"_links":{"self":[{"href":"https:\/\/alkaline.lv\/en\/wp-json\/wp\/v2\/product\/11763"}],"collection":[{"href":"https:\/\/alkaline.lv\/en\/wp-json\/wp\/v2\/product"}],"about":[{"href":"https:\/\/alkaline.lv\/en\/wp-json\/wp\/v2\/types\/product"}],"wp:featuredmedia":[{"embeddable":true,"href":"https:\/\/alkaline.lv\/en\/wp-json\/wp\/v2\/media\/11764"}],"wp:attachment":[{"href":"https:\/\/alkaline.lv\/en\/wp-json\/wp\/v2\/media?parent=11763"}],"wp:term":[{"taxonomy":"product_cat","embeddable":true,"href":"https:\/\/alkaline.lv\/en\/wp-json\/wp\/v2\/product_cat?post=11763"},{"taxonomy":"product_tag","embeddable":true,"href":"https:\/\/alkaline.lv\/en\/wp-json\/wp\/v2\/product_tag?post=11763"}],"curies":[{"name":"wp","href":"https:\/\/api.w.org\/{rel}","templated":true}]}}