{"id":11948,"date":"2022-05-31T17:30:32","date_gmt":"2022-05-31T14:30:32","guid":{"rendered":"https:\/\/alkaline.lv\/products\/fotopapirs-glancets-a4-240-g-m%c2%b2-iepakojuma-25-lapas\/"},"modified":"2022-05-31T17:30:36","modified_gmt":"2022-05-31T14:30:36","slug":"fotopapirs-glancets-a4-240-g-m%c2%b2-iepakojuma-25-lapas","status":"publish","type":"product","link":"https:\/\/alkaline.lv\/en\/products\/fotopapirs-glancets-a4-240-g-m%c2%b2-iepakojuma-25-lapas\/","title":{"rendered":"Fotopap\u012brs glanc\u0113ts , A4, 240 g\/m\u00b2 , iepakojum\u0101 25 lapas"},"content":{"rendered":"<p>Ra\u017eot\u0101ja preces kods D109637<\/p>\n","protected":false},"excerpt":{"rendered":"<p>Ra\u017eot\u0101ja preces kods D109637<\/p>\n","protected":false},"featured_media":11949,"template":"","meta":{"inline_featured_image":false},"product_cat":[71,387],"product_tag":[],"class_list":{"0":"post-11948","1":"product","2":"type-product","3":"status-publish","4":"has-post-thumbnail","6":"product_cat-biroja-preces","7":"product_cat-fotopapirs","9":"first","10":"outofstock","11":"purchasable","12":"product-type-simple","13":"add-to-wishlist-after_add_to_cart"},"_links":{"self":[{"href":"https:\/\/alkaline.lv\/en\/wp-json\/wp\/v2\/product\/11948"}],"collection":[{"href":"https:\/\/alkaline.lv\/en\/wp-json\/wp\/v2\/product"}],"about":[{"href":"https:\/\/alkaline.lv\/en\/wp-json\/wp\/v2\/types\/product"}],"wp:featuredmedia":[{"embeddable":true,"href":"https:\/\/alkaline.lv\/en\/wp-json\/wp\/v2\/media\/11949"}],"wp:attachment":[{"href":"https:\/\/alkaline.lv\/en\/wp-json\/wp\/v2\/media?parent=11948"}],"wp:term":[{"taxonomy":"product_cat","embeddable":true,"href":"https:\/\/alkaline.lv\/en\/wp-json\/wp\/v2\/product_cat?post=11948"},{"taxonomy":"product_tag","embeddable":true,"href":"https:\/\/alkaline.lv\/en\/wp-json\/wp\/v2\/product_tag?post=11948"}],"curies":[{"name":"wp","href":"https:\/\/api.w.org\/{rel}","templated":true}]}}