{"id":12339,"date":"2022-05-31T17:33:05","date_gmt":"2022-05-31T14:33:05","guid":{"rendered":"https:\/\/alkaline.lv\/products\/sadalitajs-dokumentiem-esselte-a4-formats-1-12-plastikata\/"},"modified":"2023-03-23T23:53:45","modified_gmt":"2023-03-23T21:53:45","slug":"sadalitajs-dokumentiem-esselte-a4-formats-1-12-plastikata","status":"publish","type":"product","link":"https:\/\/alkaline.lv\/en\/products\/sadalitajs-dokumentiem-esselte-a4-formats-1-12-plastikata\/","title":{"rendered":"Dokumentu sadal\u012bt\u0101js Esellte, 1-12, A4, PP, pel\u0113ks"},"content":{"rendered":"<p>A4 form\u0101ts<br \/>\nIzgatavots no plastik\u0101ta<br \/>\nSatura r\u0101d\u012bt\u0101js no 130 g\/m\u00b2 bieza kartona<br \/>\nIzm\u0113rs: 225 x 297 mm<br \/>\nPel\u0113k\u0101 kr\u0101s\u0101 1 \u2013 12<\/p>\n","protected":false},"excerpt":{"rendered":"<p>A4 form\u0101ts Izgatavots no plastik\u0101ta Satura r\u0101d\u012bt\u0101js no 130 g\/m\u00b2 bieza kartona Izm\u0113rs: 225 x 297 mm Pel\u0113k\u0101 kr\u0101s\u0101 1 \u2013 12<\/p>\n","protected":false},"featured_media":12340,"template":"","meta":{"inline_featured_image":false},"product_cat":[244],"product_tag":[],"class_list":{"0":"post-12339","1":"product","2":"type-product","3":"status-publish","4":"has-post-thumbnail","6":"product_cat-dikumentu-sadalitaji","8":"first","9":"instock","10":"taxable","11":"shipping-taxable","12":"purchasable","13":"product-type-simple","14":"add-to-wishlist-after_add_to_cart"},"_links":{"self":[{"href":"https:\/\/alkaline.lv\/en\/wp-json\/wp\/v2\/product\/12339","targetHints":{"allow":["GET"]}}],"collection":[{"href":"https:\/\/alkaline.lv\/en\/wp-json\/wp\/v2\/product"}],"about":[{"href":"https:\/\/alkaline.lv\/en\/wp-json\/wp\/v2\/types\/product"}],"wp:featuredmedia":[{"embeddable":true,"href":"https:\/\/alkaline.lv\/en\/wp-json\/wp\/v2\/media\/12340"}],"wp:attachment":[{"href":"https:\/\/alkaline.lv\/en\/wp-json\/wp\/v2\/media?parent=12339"}],"wp:term":[{"taxonomy":"product_cat","embeddable":true,"href":"https:\/\/alkaline.lv\/en\/wp-json\/wp\/v2\/product_cat?post=12339"},{"taxonomy":"product_tag","embeddable":true,"href":"https:\/\/alkaline.lv\/en\/wp-json\/wp\/v2\/product_tag?post=12339"}],"curies":[{"name":"wp","href":"https:\/\/api.w.org\/{rel}","templated":true}]}}