{"id":12400,"date":"2022-05-31T17:33:39","date_gmt":"2022-05-31T14:33:39","guid":{"rendered":"https:\/\/alkaline.lv\/products\/sadalitajs-dokumentiem-esselte-a4-1-20-kartona-ar-krasainiem-cipariem\/"},"modified":"2023-03-24T14:48:38","modified_gmt":"2023-03-24T12:48:38","slug":"sadalitajs-dokumentiem-esselte-a4-1-20-kartona-ar-krasainiem-cipariem","status":"publish","type":"product","link":"https:\/\/alkaline.lv\/en\/products\/sadalitajs-dokumentiem-esselte-a4-1-20-kartona-ar-krasainiem-cipariem\/","title":{"rendered":"Dokumentu sadal\u012bt\u0101js Esselte, 1-20, A4, kartona, kr\u0101sains"},"content":{"rendered":"<p>A4 form\u0101ts<br \/>\nIzgatavots no bieza kartona<br \/>\nUnivers\u0101ls caurumojums, stiprin\u0101ts ar plastik\u0101ta pl\u0113vi<br \/>\nKr\u0101saini \u0161\u0137irk\u013ci<br \/>\nIzm\u0113rs: 225 x 297 mm<br \/>\n1-20,ar cipariem<\/p>\n","protected":false},"excerpt":{"rendered":"<p>A4 form\u0101ts Izgatavots no bieza kartona Univers\u0101ls caurumojums, stiprin\u0101ts ar plastik\u0101ta pl\u0113vi Kr\u0101saini \u0161\u0137irk\u013ci Izm\u0113rs: 225 x 297 mm 1-20,ar cipariem<\/p>\n","protected":false},"featured_media":12401,"template":"","meta":{"inline_featured_image":false},"product_cat":[244],"product_tag":[],"class_list":{"0":"post-12400","1":"product","2":"type-product","3":"status-publish","4":"has-post-thumbnail","6":"product_cat-dikumentu-sadalitaji","8":"first","9":"instock","10":"taxable","11":"shipping-taxable","12":"purchasable","13":"product-type-simple","14":"add-to-wishlist-after_add_to_cart"},"_links":{"self":[{"href":"https:\/\/alkaline.lv\/en\/wp-json\/wp\/v2\/product\/12400"}],"collection":[{"href":"https:\/\/alkaline.lv\/en\/wp-json\/wp\/v2\/product"}],"about":[{"href":"https:\/\/alkaline.lv\/en\/wp-json\/wp\/v2\/types\/product"}],"wp:featuredmedia":[{"embeddable":true,"href":"https:\/\/alkaline.lv\/en\/wp-json\/wp\/v2\/media\/12401"}],"wp:attachment":[{"href":"https:\/\/alkaline.lv\/en\/wp-json\/wp\/v2\/media?parent=12400"}],"wp:term":[{"taxonomy":"product_cat","embeddable":true,"href":"https:\/\/alkaline.lv\/en\/wp-json\/wp\/v2\/product_cat?post=12400"},{"taxonomy":"product_tag","embeddable":true,"href":"https:\/\/alkaline.lv\/en\/wp-json\/wp\/v2\/product_tag?post=12400"}],"curies":[{"name":"wp","href":"https:\/\/api.w.org\/{rel}","templated":true}]}}