{"id":12586,"date":"2022-05-31T17:34:49","date_gmt":"2022-05-31T14:34:49","guid":{"rendered":"https:\/\/alkaline.lv\/products\/arhiva-karba-smlt-kartona-255-x-120-x-355-mm\/"},"modified":"2023-03-23T15:54:34","modified_gmt":"2023-03-23T13:54:34","slug":"arhiva-karba-smlt-kartona-255-x-120-x-355-mm","status":"publish","type":"product","link":"https:\/\/alkaline.lv\/en\/products\/arhiva-karba-smlt-kartona-255-x-120-x-355-mm\/","title":{"rendered":"Arh\u012bva kaste SMLT, 255 x 120 x 355 mm, balta"},"content":{"rendered":"<p>Izgatavota no preskartona<br \/>\nSaliekama<br \/>\nAtveras no aug\u0161as,<br \/>\nIzm\u0113rs: (A x P x D): 255 x 120 x 355 mm, balt\u0101 kr\u0101s\u0101<\/p>\n","protected":false},"excerpt":{"rendered":"<p>Izgatavota no preskartona Saliekama Atveras no aug\u0161as, Izm\u0113rs: (A x P x D): 255 x 120 x 355 mm, balt\u0101 kr\u0101s\u0101<\/p>\n","protected":false},"featured_media":12587,"template":"","meta":{"inline_featured_image":false},"product_cat":[290],"product_tag":[],"class_list":{"0":"post-12586","1":"product","2":"type-product","3":"status-publish","4":"has-post-thumbnail","6":"product_cat-arhiva-kastes","8":"first","9":"instock","10":"taxable","11":"shipping-taxable","12":"purchasable","13":"product-type-simple","14":"add-to-wishlist-after_add_to_cart"},"_links":{"self":[{"href":"https:\/\/alkaline.lv\/en\/wp-json\/wp\/v2\/product\/12586","targetHints":{"allow":["GET"]}}],"collection":[{"href":"https:\/\/alkaline.lv\/en\/wp-json\/wp\/v2\/product"}],"about":[{"href":"https:\/\/alkaline.lv\/en\/wp-json\/wp\/v2\/types\/product"}],"wp:featuredmedia":[{"embeddable":true,"href":"https:\/\/alkaline.lv\/en\/wp-json\/wp\/v2\/media\/12587"}],"wp:attachment":[{"href":"https:\/\/alkaline.lv\/en\/wp-json\/wp\/v2\/media?parent=12586"}],"wp:term":[{"taxonomy":"product_cat","embeddable":true,"href":"https:\/\/alkaline.lv\/en\/wp-json\/wp\/v2\/product_cat?post=12586"},{"taxonomy":"product_tag","embeddable":true,"href":"https:\/\/alkaline.lv\/en\/wp-json\/wp\/v2\/product_tag?post=12586"}],"curies":[{"name":"wp","href":"https:\/\/api.w.org\/{rel}","templated":true}]}}