{"id":12590,"date":"2022-05-31T17:34:49","date_gmt":"2022-05-31T14:34:49","guid":{"rendered":"https:\/\/alkaline.lv\/products\/arhiva-karba-smlt-300-x-160-x-350-mm-bruna-mikro-gofretais-kartons\/"},"modified":"2023-03-23T15:34:54","modified_gmt":"2023-03-23T13:34:54","slug":"arhiva-karba-smlt-300-x-160-x-350-mm-bruna-mikro-gofretais-kartons","status":"publish","type":"product","link":"https:\/\/alkaline.lv\/en\/products\/arhiva-karba-smlt-300-x-160-x-350-mm-bruna-mikro-gofretais-kartons\/","title":{"rendered":"Arh\u012bva kaste SM\u00b7LT, 300 x 160 x 350 mm, br\u016bna"},"content":{"rendered":"<p>Izm\u0113ri (A x P x D): 300 x 160 x 350 mm<br \/>\nMikro golfr\u0113tais kartons<br \/>\nBr\u016bna kr\u0101sa<\/p>\n","protected":false},"excerpt":{"rendered":"<p>Izm\u0113ri (A x P x D): 300 x 160 x 350 mm Mikro golfr\u0113tais kartons Br\u016bna kr\u0101sa<\/p>\n","protected":false},"featured_media":12591,"template":"","meta":{"inline_featured_image":false},"product_cat":[290],"product_tag":[],"class_list":{"0":"post-12590","1":"product","2":"type-product","3":"status-publish","4":"has-post-thumbnail","6":"product_cat-arhiva-kastes","8":"first","9":"instock","10":"taxable","11":"shipping-taxable","12":"purchasable","13":"product-type-simple","14":"add-to-wishlist-after_add_to_cart"},"_links":{"self":[{"href":"https:\/\/alkaline.lv\/en\/wp-json\/wp\/v2\/product\/12590"}],"collection":[{"href":"https:\/\/alkaline.lv\/en\/wp-json\/wp\/v2\/product"}],"about":[{"href":"https:\/\/alkaline.lv\/en\/wp-json\/wp\/v2\/types\/product"}],"wp:featuredmedia":[{"embeddable":true,"href":"https:\/\/alkaline.lv\/en\/wp-json\/wp\/v2\/media\/12591"}],"wp:attachment":[{"href":"https:\/\/alkaline.lv\/en\/wp-json\/wp\/v2\/media?parent=12590"}],"wp:term":[{"taxonomy":"product_cat","embeddable":true,"href":"https:\/\/alkaline.lv\/en\/wp-json\/wp\/v2\/product_cat?post=12590"},{"taxonomy":"product_tag","embeddable":true,"href":"https:\/\/alkaline.lv\/en\/wp-json\/wp\/v2\/product_tag?post=12590"}],"curies":[{"name":"wp","href":"https:\/\/api.w.org\/{rel}","templated":true}]}}