{"id":12618,"date":"2022-05-31T17:35:08","date_gmt":"2022-05-31T14:35:08","guid":{"rendered":"https:\/\/alkaline.lv\/products\/iekarinamais-fails-kabata-e-serija-jalema-bruns\/"},"modified":"2023-03-25T02:20:47","modified_gmt":"2023-03-25T00:20:47","slug":"iekarinamais-fails-kabata-e-serija-jalema-bruns","status":"publish","type":"product","link":"https:\/\/alkaline.lv\/en\/products\/iekarinamais-fails-kabata-e-serija-jalema-bruns\/","title":{"rendered":"Iekarin\u0101mie v\u0101ki Atlanta ar aizdari s\u0101nos, br\u016bni"},"content":{"rendered":"<p>A4 form\u0101ts<br \/>\nIzgatavots no kartona 230 g\/m\u00b2<br \/>\nIevietojams kartot\u0113k\u0101<\/p>\n","protected":false},"excerpt":{"rendered":"<p>A4 form\u0101ts Izgatavots no kartona 230 g\/m\u00b2 Ievietojams kartot\u0113k\u0101<\/p>\n","protected":false},"featured_media":12619,"template":"","meta":{"inline_featured_image":false},"product_cat":[490],"product_tag":[],"class_list":{"0":"post-12618","1":"product","2":"type-product","3":"status-publish","4":"has-post-thumbnail","6":"product_cat-skapji-un-piederumi","8":"first","9":"instock","10":"taxable","11":"shipping-taxable","12":"purchasable","13":"product-type-simple","14":"add-to-wishlist-after_add_to_cart"},"_links":{"self":[{"href":"https:\/\/alkaline.lv\/en\/wp-json\/wp\/v2\/product\/12618"}],"collection":[{"href":"https:\/\/alkaline.lv\/en\/wp-json\/wp\/v2\/product"}],"about":[{"href":"https:\/\/alkaline.lv\/en\/wp-json\/wp\/v2\/types\/product"}],"wp:featuredmedia":[{"embeddable":true,"href":"https:\/\/alkaline.lv\/en\/wp-json\/wp\/v2\/media\/12619"}],"wp:attachment":[{"href":"https:\/\/alkaline.lv\/en\/wp-json\/wp\/v2\/media?parent=12618"}],"wp:term":[{"taxonomy":"product_cat","embeddable":true,"href":"https:\/\/alkaline.lv\/en\/wp-json\/wp\/v2\/product_cat?post=12618"},{"taxonomy":"product_tag","embeddable":true,"href":"https:\/\/alkaline.lv\/en\/wp-json\/wp\/v2\/product_tag?post=12618"}],"curies":[{"name":"wp","href":"https:\/\/api.w.org\/{rel}","templated":true}]}}