{"id":12765,"date":"2022-05-31T17:36:03","date_gmt":"2022-05-31T14:36:03","guid":{"rendered":"https:\/\/alkaline.lv\/products\/arhiva-karba-forpus-a4-formats-240-x-322-x-100-mm\/"},"modified":"2023-03-23T14:32:40","modified_gmt":"2023-03-23T12:32:40","slug":"arhiva-karba-forpus-a4-formats-240-x-322-x-100-mm","status":"publish","type":"product","link":"https:\/\/alkaline.lv\/en\/products\/arhiva-karba-forpus-a4-formats-240-x-322-x-100-mm\/","title":{"rendered":"Arh\u012bva kaste FORPUS, A4, 100 mm, kartona"},"content":{"rendered":"<p>A4 form\u0101ts<br \/>\nDokumentu ievieto\u0161anai un glab\u0101\u0161anai<br \/>\nIzgatavots no gofr\u0113ta kartona<br \/>\nIzm\u0113rs (A x P x D): 240 x 322 x 100 mm<\/p>\n","protected":false},"excerpt":{"rendered":"<p>A4 form\u0101ts Dokumentu ievieto\u0161anai un glab\u0101\u0161anai Izgatavots no gofr\u0113ta kartona Izm\u0113rs (A x P x D): 240 x 322 x 100 mm<\/p>\n","protected":false},"featured_media":12766,"template":"","meta":{"inline_featured_image":false},"product_cat":[290],"product_tag":[],"class_list":{"0":"post-12765","1":"product","2":"type-product","3":"status-publish","4":"has-post-thumbnail","6":"product_cat-arhiva-kastes","8":"first","9":"instock","10":"taxable","11":"shipping-taxable","12":"purchasable","13":"product-type-simple","14":"add-to-wishlist-after_add_to_cart"},"_links":{"self":[{"href":"https:\/\/alkaline.lv\/en\/wp-json\/wp\/v2\/product\/12765"}],"collection":[{"href":"https:\/\/alkaline.lv\/en\/wp-json\/wp\/v2\/product"}],"about":[{"href":"https:\/\/alkaline.lv\/en\/wp-json\/wp\/v2\/types\/product"}],"wp:featuredmedia":[{"embeddable":true,"href":"https:\/\/alkaline.lv\/en\/wp-json\/wp\/v2\/media\/12766"}],"wp:attachment":[{"href":"https:\/\/alkaline.lv\/en\/wp-json\/wp\/v2\/media?parent=12765"}],"wp:term":[{"taxonomy":"product_cat","embeddable":true,"href":"https:\/\/alkaline.lv\/en\/wp-json\/wp\/v2\/product_cat?post=12765"},{"taxonomy":"product_tag","embeddable":true,"href":"https:\/\/alkaline.lv\/en\/wp-json\/wp\/v2\/product_tag?post=12765"}],"curies":[{"name":"wp","href":"https:\/\/api.w.org\/{rel}","templated":true}]}}