{"id":12785,"date":"2022-05-31T17:36:03","date_gmt":"2022-05-31T14:36:03","guid":{"rendered":"https:\/\/alkaline.lv\/products\/arhiva-karba-fellowes-a4-formats-260-x-80-x-325-mm-no-bruna-gofreta-kartona\/"},"modified":"2023-03-23T14:52:17","modified_gmt":"2023-03-23T12:52:17","slug":"arhiva-karba-fellowes-a4-formats-260-x-80-x-325-mm-no-bruna-gofreta-kartona","status":"publish","type":"product","link":"https:\/\/alkaline.lv\/en\/products\/arhiva-karba-fellowes-a4-formats-260-x-80-x-325-mm-no-bruna-gofreta-kartona\/","title":{"rendered":"Arh\u012bva kaste Fellowes, 260 x 80 x 325 mm, br\u016bna"},"content":{"rendered":"<p>A4 form\u0101ts<br \/>\nParedz\u0113ta da\u017e\u0101du dokumentu glab\u0101\u0161anai<br \/>\nIzgatavota no 100% otrreiz\u0113ji p\u0101rstr\u0101d\u0101ta kartona<br \/>\n100% p\u0101rstr\u0101d\u0101jama<br \/>\nIzm\u0113rs (A x P x D): 260 x 80 x 325 mm<\/p>\n","protected":false},"excerpt":{"rendered":"<p>A4 form\u0101ts Paredz\u0113ta da\u017e\u0101du dokumentu glab\u0101\u0161anai Izgatavota no 100% otrreiz\u0113ji p\u0101rstr\u0101d\u0101ta kartona 100% p\u0101rstr\u0101d\u0101jama Izm\u0113rs (A x P x D): 260 x 80 x 325 mm<\/p>\n","protected":false},"featured_media":12786,"template":"","meta":{"inline_featured_image":false},"product_cat":[290],"product_tag":[],"class_list":{"0":"post-12785","1":"product","2":"type-product","3":"status-publish","4":"has-post-thumbnail","6":"product_cat-arhiva-kastes","8":"first","9":"instock","10":"taxable","11":"shipping-taxable","12":"purchasable","13":"product-type-simple","14":"add-to-wishlist-after_add_to_cart"},"_links":{"self":[{"href":"https:\/\/alkaline.lv\/en\/wp-json\/wp\/v2\/product\/12785"}],"collection":[{"href":"https:\/\/alkaline.lv\/en\/wp-json\/wp\/v2\/product"}],"about":[{"href":"https:\/\/alkaline.lv\/en\/wp-json\/wp\/v2\/types\/product"}],"wp:featuredmedia":[{"embeddable":true,"href":"https:\/\/alkaline.lv\/en\/wp-json\/wp\/v2\/media\/12786"}],"wp:attachment":[{"href":"https:\/\/alkaline.lv\/en\/wp-json\/wp\/v2\/media?parent=12785"}],"wp:term":[{"taxonomy":"product_cat","embeddable":true,"href":"https:\/\/alkaline.lv\/en\/wp-json\/wp\/v2\/product_cat?post=12785"},{"taxonomy":"product_tag","embeddable":true,"href":"https:\/\/alkaline.lv\/en\/wp-json\/wp\/v2\/product_tag?post=12785"}],"curies":[{"name":"wp","href":"https:\/\/api.w.org\/{rel}","templated":true}]}}