{"id":12845,"date":"2022-05-31T17:36:41","date_gmt":"2022-05-31T14:36:41","guid":{"rendered":"https:\/\/alkaline.lv\/products\/mape-arhiva-multi-s-40mm-ar-lenti\/"},"modified":"2024-02-17T22:37:42","modified_gmt":"2024-02-17T20:37:42","slug":"mape-arhiva-multi-s-40mm-ar-lenti","status":"publish","type":"product","link":"https:\/\/alkaline.lv\/en\/products\/mape-arhiva-multi-s-40mm-ar-lenti\/","title":{"rendered":"Mape arh\u012bva Multi-S, 40mm ar lenti"},"content":{"rendered":"<p>Kartona mape ar aukl\u0101m,<br \/>\nA4, platums 40 mm, atloku skaits 3, bez apdrukas,<br \/>\nkr\u0101sa gai\u0161i pel\u0113kbr\u016bna (kartons, nekr\u0101sots)<\/p>\n","protected":false},"excerpt":{"rendered":"<p>Kartona mape ar aukl\u0101m, A4, platums 40 mm, atloku skaits 3, bez apdrukas, kr\u0101sa gai\u0161i pel\u0113kbr\u016bna (kartons, nekr\u0101sots)<\/p>\n","protected":false},"featured_media":12846,"template":"","meta":{"inline_featured_image":false},"product_cat":[287],"product_tag":[],"class_list":{"0":"post-12845","1":"product","2":"type-product","3":"status-publish","4":"has-post-thumbnail","6":"product_cat-mapes-sasienamas","8":"first","9":"instock","10":"purchasable","11":"product-type-simple","12":"add-to-wishlist-after_add_to_cart"},"_links":{"self":[{"href":"https:\/\/alkaline.lv\/en\/wp-json\/wp\/v2\/product\/12845","targetHints":{"allow":["GET"]}}],"collection":[{"href":"https:\/\/alkaline.lv\/en\/wp-json\/wp\/v2\/product"}],"about":[{"href":"https:\/\/alkaline.lv\/en\/wp-json\/wp\/v2\/types\/product"}],"wp:featuredmedia":[{"embeddable":true,"href":"https:\/\/alkaline.lv\/en\/wp-json\/wp\/v2\/media\/12846"}],"wp:attachment":[{"href":"https:\/\/alkaline.lv\/en\/wp-json\/wp\/v2\/media?parent=12845"}],"wp:term":[{"taxonomy":"product_cat","embeddable":true,"href":"https:\/\/alkaline.lv\/en\/wp-json\/wp\/v2\/product_cat?post=12845"},{"taxonomy":"product_tag","embeddable":true,"href":"https:\/\/alkaline.lv\/en\/wp-json\/wp\/v2\/product_tag?post=12845"}],"curies":[{"name":"wp","href":"https:\/\/api.w.org\/{rel}","templated":true}]}}