{"id":12999,"date":"2022-05-31T17:37:39","date_gmt":"2022-05-31T14:37:39","guid":{"rendered":"https:\/\/alkaline.lv\/products\/arhiva-karba-smlt-250-x-85-x-335-mm-bruna-mikro-gofretais-kartons\/"},"modified":"2023-03-23T15:51:38","modified_gmt":"2023-03-23T13:51:38","slug":"arhiva-karba-smlt-250-x-85-x-335-mm-bruna-mikro-gofretais-kartons","status":"publish","type":"product","link":"https:\/\/alkaline.lv\/en\/products\/arhiva-karba-smlt-250-x-85-x-335-mm-bruna-mikro-gofretais-kartons\/","title":{"rendered":"Arh\u012bva kaste SMLT, 250 x 85 x 335 mm, br\u016bna"},"content":{"rendered":"<p>Izm\u0113rs (A x P x D): 250 x 85 x 335 mm<\/p>\n","protected":false},"excerpt":{"rendered":"<p>Izm\u0113rs (A x P x D): 250 x 85 x 335 mm<\/p>\n","protected":false},"featured_media":13000,"template":"","meta":{"inline_featured_image":false},"product_cat":[290],"product_tag":[],"class_list":{"0":"post-12999","1":"product","2":"type-product","3":"status-publish","4":"has-post-thumbnail","6":"product_cat-arhiva-kastes","8":"first","9":"instock","10":"taxable","11":"shipping-taxable","12":"purchasable","13":"product-type-simple","14":"add-to-wishlist-after_add_to_cart"},"_links":{"self":[{"href":"https:\/\/alkaline.lv\/en\/wp-json\/wp\/v2\/product\/12999","targetHints":{"allow":["GET"]}}],"collection":[{"href":"https:\/\/alkaline.lv\/en\/wp-json\/wp\/v2\/product"}],"about":[{"href":"https:\/\/alkaline.lv\/en\/wp-json\/wp\/v2\/types\/product"}],"wp:featuredmedia":[{"embeddable":true,"href":"https:\/\/alkaline.lv\/en\/wp-json\/wp\/v2\/media\/13000"}],"wp:attachment":[{"href":"https:\/\/alkaline.lv\/en\/wp-json\/wp\/v2\/media?parent=12999"}],"wp:term":[{"taxonomy":"product_cat","embeddable":true,"href":"https:\/\/alkaline.lv\/en\/wp-json\/wp\/v2\/product_cat?post=12999"},{"taxonomy":"product_tag","embeddable":true,"href":"https:\/\/alkaline.lv\/en\/wp-json\/wp\/v2\/product_tag?post=12999"}],"curies":[{"name":"wp","href":"https:\/\/api.w.org\/{rel}","templated":true}]}}